{"id":2962,"date":"2020-07-27T14:41:52","date_gmt":"2020-07-27T18:41:52","guid":{"rendered":"http:\/\/www.ccifa-ted.com\/?page_id=2962"},"modified":"2023-09-22T11:01:29","modified_gmt":"2023-09-22T15:01:29","slug":"professionels","status":"publish","type":"page","link":"https:\/\/www.ccifa-ted.com\/en\/professionels\/","title":{"rendered":"Professionals"},"content":{"rendered":"<p>[et_pb_section fb_built=\u00a0\u00bb1&Prime; admin_label=\u00a0\u00bbHero Section\u00a0\u00bb _builder_version=\u00a0\u00bb4.5.1&Prime; use_background_color_gradient=\u00a0\u00bbon\u00a0\u00bb background_color_gradient_start=\u00a0\u00bb#ffffff\u00a0\u00bb background_color_gradient_end=\u00a0\u00bb#ffffff\u00a0\u00bb background_color_gradient_type=\u00a0\u00bbradial\u00a0\u00bb background_image=\u00a0\u00bbhttps:\/\/www.ccifa-ted.com\/wp-content\/uploads\/2020\/07\/AdobeStock_69292859-scaled.jpg\u00a0\u00bb background_position=\u00a0\u00bbbottom_center\u00a0\u00bb custom_margin=\u00a0\u00bb88px|||||\u00a0\u00bb custom_padding=\u00a0\u00bb106px|0px|230px|0px||\u00a0\u00bb][\/et_pb_section][et_pb_section fb_built=\u00a0\u00bb1&Prime; _builder_version=\u00a0\u00bb4.5.1&Prime; background_color=\u00a0\u00bb#3f4ebf\u00a0\u00bb custom_padding=\u00a0\u00bb16px|0px|11px|0px||\u00a0\u00bb locked=\u00a0\u00bboff\u00a0\u00bb][et_pb_row _builder_version=\u00a0\u00bb4.3.2&Prime;][et_pb_column type=\u00a0\u00bb4_4&Prime; _builder_version=\u00a0\u00bb4.3.2&Prime;][et_pb_text _builder_version=\u00a0\u00bb4.4.8&Prime; header_text_color=\u00a0\u00bb#ffffff\u00a0\u00bb header_font_size=\u00a0\u00bb45px\u00a0\u00bb animation_style=\u00a0\u00bbfade\u00a0\u00bb]<\/p>\n<h1><b>Professionnels<\/b><\/h1>\n<p>[\/et_pb_text][\/et_pb_column][\/et_pb_row][\/et_pb_section][et_pb_section fb_built=\u00a0\u00bb1&Prime; _builder_version=\u00a0\u00bb4.3.2&Prime; custom_padding=\u00a0\u00bb26px|0px|9px|0px||\u00a0\u00bb locked=\u00a0\u00bboff\u00a0\u00bb][\/et_pb_section][et_pb_section fb_built=\u00a0\u00bb1&Prime; _builder_version=\u00a0\u00bb4.3.2&Prime; custom_margin=\u00a0\u00bb6px|||||\u00a0\u00bb custom_padding=\u00a0\u00bb6px|0px|25px|0px||\u00a0\u00bb][et_pb_row _builder_version=\u00a0\u00bb4.4.1&Prime;][et_pb_column type=\u00a0\u00bb4_4&Prime; _builder_version=\u00a0\u00bb4.4.1&Prime;][et_pb_toggle title=\u00a0\u00bbFormation, Consultation, supervision\u00a0\u00bb open_toggle_background_color=\u00a0\u00bb#ffffff\u00a0\u00bb closed_toggle_background_color=\u00a0\u00bb#ffffff\u00a0\u00bb icon_color=\u00a0\u00bb#3f4ebf\u00a0\u00bb use_icon_font_size=\u00a0\u00bbon\u00a0\u00bb icon_font_size=\u00a0\u00bb20px\u00a0\u00bb _builder_version=\u00a0\u00bb4.4.8&Prime; title_font=\u00a0\u00bb|700|||||||\u00a0\u00bb closed_title_font=\u00a0\u00bb|700|||||||\u00a0\u00bb]<\/p>\n<ul>\n<li>Consultation et soutien aupr\u00e8s de divers organismes tels que les milieux scolaires, les CISSS et CIUSSS, les organismes communautaires, les CPE, les milieux de travail, etc.<\/li>\n<li>Consultation \u00e0 domicile<\/li>\n<li>Formations sur mesure pour parents, th\u00e9rapeutes, enseignants, \u00e9ducateurs et professionnels travaillant aupr\u00e8s des client\u00e8les cibles.<\/li>\n<li>Supervision clinique aupr\u00e8s de professionnels<\/li>\n<\/ul>\n<p>[\/et_pb_toggle][et_pb_text _builder_version=\u00a0\u00bb4.5.1&Prime; _module_preset=\u00a0\u00bbdefault\u00a0\u00bb][\/et_pb_text][\/et_pb_column][\/et_pb_row][et_pb_row _builder_version=\u00a0\u00bb4.4.1&Prime; custom_padding=\u00a0\u00bb0px||0px|||\u00a0\u00bb locked=\u00a0\u00bboff\u00a0\u00bb][et_pb_column type=\u00a0\u00bb4_4&Prime; _builder_version=\u00a0\u00bb4.4.1&Prime;][et_pb_image src=\u00a0\u00bbhttps:\/\/www.ccifa-ted.com\/wp-content\/uploads\/2020\/07\/AdobeStock_249383146.jpeg\u00a0\u00bb title_text=\u00a0\u00bbFoot print\u00a0\u00bb _builder_version=\u00a0\u00bb4.5.1&Prime; max_width=\u00a0\u00bb23%\u00a0\u00bb module_alignment=\u00a0\u00bbcenter\u00a0\u00bb][\/et_pb_image][\/et_pb_column][\/et_pb_row][\/et_pb_section]<\/p>\n","protected":false},"excerpt":{"rendered":"<p>Professionnels Consultation et soutien aupr\u00e8s de divers organismes tels que les milieux scolaires, les CISSS et CIUSSS, les organismes communautaires, les CPE, les milieux de travail, etc. Consultation \u00e0 domicile Formations sur mesure pour parents, th\u00e9rapeutes, enseignants, \u00e9ducateurs et professionnels travaillant aupr\u00e8s des client\u00e8les cibles. Supervision clinique aupr\u00e8s de professionnels<\/p>","protected":false},"author":4,"featured_media":0,"parent":0,"menu_order":0,"comment_status":"closed","ping_status":"closed","template":"","meta":{"_et_pb_use_builder":"on","_et_pb_old_content":"","_et_gb_content_width":"","footnotes":""},"class_list":["post-2962","page","type-page","status-publish","hentry"],"yoast_head":"<!-- This site is optimized with the Yoast SEO plugin v27.3 - https:\/\/yoast.com\/product\/yoast-seo-wordpress\/ -->\n<title>Professionels - CCIFA-TED<\/title>\n<meta name=\"robots\" content=\"index, follow, max-snippet:-1, max-image-preview:large, max-video-preview:-1\" \/>\n<link rel=\"canonical\" href=\"https:\/\/www.ccifa-ted.com\/en\/professionels\/\" \/>\n<meta property=\"og:locale\" content=\"en_US\" \/>\n<meta property=\"og:type\" content=\"article\" \/>\n<meta property=\"og:title\" content=\"Professionels - CCIFA-TED\" \/>\n<meta property=\"og:description\" content=\"Professionnels Consultation et soutien aupr\u00e8s de divers organismes tels que les milieux scolaires, les CISSS et CIUSSS, les organismes communautaires, les CPE, les milieux de travail, etc. Consultation \u00e0 domicile Formations sur mesure pour parents, th\u00e9rapeutes, enseignants, \u00e9ducateurs et professionnels travaillant aupr\u00e8s des client\u00e8les cibles. Supervision clinique aupr\u00e8s de professionnels\" \/>\n<meta property=\"og:url\" content=\"https:\/\/www.ccifa-ted.com\/en\/professionels\/\" \/>\n<meta property=\"og:site_name\" content=\"CCIFA-TED\" \/>\n<meta property=\"article:publisher\" content=\"https:\/\/www.facebook.com\/people\/Ccifa-Ted\/100063489645130\/\" \/>\n<meta property=\"article:modified_time\" content=\"2023-09-22T15:01:29+00:00\" \/>\n<meta property=\"og:image\" content=\"https:\/\/www.ccifa-ted.com\/wp-content\/uploads\/2020\/08\/logotransp.png\" \/>\n\t<meta property=\"og:image:width\" content=\"415\" \/>\n\t<meta property=\"og:image:height\" content=\"333\" \/>\n\t<meta property=\"og:image:type\" content=\"image\/png\" \/>\n<meta name=\"twitter:card\" content=\"summary_large_image\" \/>\n<meta name=\"twitter:label1\" content=\"Est. reading time\" \/>\n\t<meta name=\"twitter:data1\" content=\"2 minutes\" \/>\n<script type=\"application\/ld+json\" class=\"yoast-schema-graph\">{\"@context\":\"https:\\\/\\\/schema.org\",\"@graph\":[{\"@type\":\"WebPage\",\"@id\":\"https:\\\/\\\/www.ccifa-ted.com\\\/professionels\\\/\",\"url\":\"https:\\\/\\\/www.ccifa-ted.com\\\/professionels\\\/\",\"name\":\"Professionels - CCIFA-TED\",\"isPartOf\":{\"@id\":\"https:\\\/\\\/www.ccifa-ted.com\\\/#website\"},\"datePublished\":\"2020-07-27T18:41:52+00:00\",\"dateModified\":\"2023-09-22T15:01:29+00:00\",\"breadcrumb\":{\"@id\":\"https:\\\/\\\/www.ccifa-ted.com\\\/professionels\\\/#breadcrumb\"},\"inLanguage\":\"en-CA\",\"potentialAction\":[{\"@type\":\"ReadAction\",\"target\":[\"https:\\\/\\\/www.ccifa-ted.com\\\/professionels\\\/\"]}]},{\"@type\":\"BreadcrumbList\",\"@id\":\"https:\\\/\\\/www.ccifa-ted.com\\\/professionels\\\/#breadcrumb\",\"itemListElement\":[{\"@type\":\"ListItem\",\"position\":1,\"name\":\"Home\",\"item\":\"https:\\\/\\\/www.ccifa-ted.com\\\/\"},{\"@type\":\"ListItem\",\"position\":2,\"name\":\"Professionels\"}]},{\"@type\":\"WebSite\",\"@id\":\"https:\\\/\\\/www.ccifa-ted.com\\\/#website\",\"url\":\"https:\\\/\\\/www.ccifa-ted.com\\\/\",\"name\":\"CCIFA\",\"description\":\"La clinique de consultation, d\u2019intervention et de formation en autisme\",\"publisher\":{\"@id\":\"https:\\\/\\\/www.ccifa-ted.com\\\/#organization\"},\"alternateName\":\"Clinique de Consultation, Intervention et Formation en Autisme\",\"potentialAction\":[{\"@type\":\"SearchAction\",\"target\":{\"@type\":\"EntryPoint\",\"urlTemplate\":\"https:\\\/\\\/www.ccifa-ted.com\\\/?s={search_term_string}\"},\"query-input\":{\"@type\":\"PropertyValueSpecification\",\"valueRequired\":true,\"valueName\":\"search_term_string\"}}],\"inLanguage\":\"en-CA\"},{\"@type\":\"Organization\",\"@id\":\"https:\\\/\\\/www.ccifa-ted.com\\\/#organization\",\"name\":\"CCIFA\",\"alternateName\":\"Clinique de Consultation, Intervention et Formation en Autisme\",\"url\":\"https:\\\/\\\/www.ccifa-ted.com\\\/\",\"logo\":{\"@type\":\"ImageObject\",\"inLanguage\":\"en-CA\",\"@id\":\"https:\\\/\\\/www.ccifa-ted.com\\\/#\\\/schema\\\/logo\\\/image\\\/\",\"url\":\"https:\\\/\\\/www.ccifa-ted.com\\\/wp-content\\\/uploads\\\/2020\\\/08\\\/logotransp.png\",\"contentUrl\":\"https:\\\/\\\/www.ccifa-ted.com\\\/wp-content\\\/uploads\\\/2020\\\/08\\\/logotransp.png\",\"width\":415,\"height\":333,\"caption\":\"CCIFA\"},\"image\":{\"@id\":\"https:\\\/\\\/www.ccifa-ted.com\\\/#\\\/schema\\\/logo\\\/image\\\/\"},\"sameAs\":[\"https:\\\/\\\/www.facebook.com\\\/people\\\/Ccifa-Ted\\\/100063489645130\\\/\"]}]}<\/script>\n<!-- \/ Yoast SEO plugin. -->","yoast_head_json":{"title":"Professionels - CCIFA-TED","robots":{"index":"index","follow":"follow","max-snippet":"max-snippet:-1","max-image-preview":"max-image-preview:large","max-video-preview":"max-video-preview:-1"},"canonical":"https:\/\/www.ccifa-ted.com\/en\/professionels\/","og_locale":"en_US","og_type":"article","og_title":"Professionels - CCIFA-TED","og_description":"Professionnels Consultation et soutien aupr\u00e8s de divers organismes tels que les milieux scolaires, les CISSS et CIUSSS, les organismes communautaires, les CPE, les milieux de travail, etc. Consultation \u00e0 domicile Formations sur mesure pour parents, th\u00e9rapeutes, enseignants, \u00e9ducateurs et professionnels travaillant aupr\u00e8s des client\u00e8les cibles. Supervision clinique aupr\u00e8s de professionnels","og_url":"https:\/\/www.ccifa-ted.com\/en\/professionels\/","og_site_name":"CCIFA-TED","article_publisher":"https:\/\/www.facebook.com\/people\/Ccifa-Ted\/100063489645130\/","article_modified_time":"2023-09-22T15:01:29+00:00","og_image":[{"width":415,"height":333,"url":"https:\/\/www.ccifa-ted.com\/wp-content\/uploads\/2020\/08\/logotransp.png","type":"image\/png"}],"twitter_card":"summary_large_image","twitter_misc":{"Est. reading time":"2 minutes"},"schema":{"@context":"https:\/\/schema.org","@graph":[{"@type":"WebPage","@id":"https:\/\/www.ccifa-ted.com\/professionels\/","url":"https:\/\/www.ccifa-ted.com\/professionels\/","name":"Professionels - CCIFA-TED","isPartOf":{"@id":"https:\/\/www.ccifa-ted.com\/#website"},"datePublished":"2020-07-27T18:41:52+00:00","dateModified":"2023-09-22T15:01:29+00:00","breadcrumb":{"@id":"https:\/\/www.ccifa-ted.com\/professionels\/#breadcrumb"},"inLanguage":"en-CA","potentialAction":[{"@type":"ReadAction","target":["https:\/\/www.ccifa-ted.com\/professionels\/"]}]},{"@type":"BreadcrumbList","@id":"https:\/\/www.ccifa-ted.com\/professionels\/#breadcrumb","itemListElement":[{"@type":"ListItem","position":1,"name":"Home","item":"https:\/\/www.ccifa-ted.com\/"},{"@type":"ListItem","position":2,"name":"Professionels"}]},{"@type":"WebSite","@id":"https:\/\/www.ccifa-ted.com\/#website","url":"https:\/\/www.ccifa-ted.com\/","name":"CCIFA","description":"La clinique de consultation, d\u2019intervention et de formation en autisme","publisher":{"@id":"https:\/\/www.ccifa-ted.com\/#organization"},"alternateName":"Clinique de Consultation, Intervention et Formation en Autisme","potentialAction":[{"@type":"SearchAction","target":{"@type":"EntryPoint","urlTemplate":"https:\/\/www.ccifa-ted.com\/?s={search_term_string}"},"query-input":{"@type":"PropertyValueSpecification","valueRequired":true,"valueName":"search_term_string"}}],"inLanguage":"en-CA"},{"@type":"Organization","@id":"https:\/\/www.ccifa-ted.com\/#organization","name":"CCIFA","alternateName":"Clinique de Consultation, Intervention et Formation en Autisme","url":"https:\/\/www.ccifa-ted.com\/","logo":{"@type":"ImageObject","inLanguage":"en-CA","@id":"https:\/\/www.ccifa-ted.com\/#\/schema\/logo\/image\/","url":"https:\/\/www.ccifa-ted.com\/wp-content\/uploads\/2020\/08\/logotransp.png","contentUrl":"https:\/\/www.ccifa-ted.com\/wp-content\/uploads\/2020\/08\/logotransp.png","width":415,"height":333,"caption":"CCIFA"},"image":{"@id":"https:\/\/www.ccifa-ted.com\/#\/schema\/logo\/image\/"},"sameAs":["https:\/\/www.facebook.com\/people\/Ccifa-Ted\/100063489645130\/"]}]}},"_links":{"self":[{"href":"https:\/\/www.ccifa-ted.com\/en\/wp-json\/wp\/v2\/pages\/2962","targetHints":{"allow":["GET"]}}],"collection":[{"href":"https:\/\/www.ccifa-ted.com\/en\/wp-json\/wp\/v2\/pages"}],"about":[{"href":"https:\/\/www.ccifa-ted.com\/en\/wp-json\/wp\/v2\/types\/page"}],"author":[{"embeddable":true,"href":"https:\/\/www.ccifa-ted.com\/en\/wp-json\/wp\/v2\/users\/4"}],"replies":[{"embeddable":true,"href":"https:\/\/www.ccifa-ted.com\/en\/wp-json\/wp\/v2\/comments?post=2962"}],"version-history":[{"count":11,"href":"https:\/\/www.ccifa-ted.com\/en\/wp-json\/wp\/v2\/pages\/2962\/revisions"}],"predecessor-version":[{"id":3809,"href":"https:\/\/www.ccifa-ted.com\/en\/wp-json\/wp\/v2\/pages\/2962\/revisions\/3809"}],"wp:attachment":[{"href":"https:\/\/www.ccifa-ted.com\/en\/wp-json\/wp\/v2\/media?parent=2962"}],"curies":[{"name":"wp","href":"https:\/\/api.w.org\/{rel}","templated":true}]}}