{"id":3215,"date":"2020-08-07T09:57:01","date_gmt":"2020-08-07T13:57:01","guid":{"rendered":"http:\/\/www.ccifa-ted.com\/?page_id=3215"},"modified":"2020-08-07T11:59:45","modified_gmt":"2020-08-07T15:59:45","slug":"dessins","status":"publish","type":"page","link":"https:\/\/www.ccifa-ted.com\/en\/dessins\/","title":{"rendered":"Drawings"},"content":{"rendered":"<p>[et_pb_section fb_built=\u00a0\u00bb1&Prime; fullwidth=\u00a0\u00bbon\u00a0\u00bb _builder_version=\u00a0\u00bb4.2.2&Prime; background_color=\u00a0\u00bb#0c71c3&Prime; background_color_gradient_start=\u00a0\u00bb#0c71c3&Prime; background_color_gradient_end=\u00a0\u00bb#0c71c3&Prime; height=\u00a0\u00bb100px\u00a0\u00bb max_height=\u00a0\u00bb100px\u00a0\u00bb custom_margin=\u00a0\u00bb-3px||-63px|||\u00a0\u00bb][\/et_pb_section][et_pb_section fb_built=\u00a0\u00bb1&Prime; fullwidth=\u00a0\u00bbon\u00a0\u00bb _builder_version=\u00a0\u00bb4.2.2&Prime; background_color=\u00a0\u00bbrgba(0,0,0,0)\u00a0\u00bb][\/et_pb_section][et_pb_section fb_built=\u00a0\u00bb1&Prime; admin_label=\u00a0\u00bbHero Section\u00a0\u00bb _builder_version=\u00a0\u00bb4.3.1&Prime; use_background_color_gradient=\u00a0\u00bbon\u00a0\u00bb background_color_gradient_start=\u00a0\u00bb#ffffff\u00a0\u00bb background_color_gradient_end=\u00a0\u00bb#ffffff\u00a0\u00bb background_color_gradient_type=\u00a0\u00bbradial\u00a0\u00bb background_image=\u00a0\u00bbhttp:\/\/www.ccifa-ted.com\/wp-content\/uploads\/2020\/02\/art_materials_arts_and_crafts_bright_brush_colored_pencils_colors_colours_compass-916352.jpg\u00a0\u00bb custom_margin=\u00a0\u00bb-87px|||||\u00a0\u00bb custom_padding=\u00a0\u00bb106px|0px|232px|0px||\u00a0\u00bb][\/et_pb_section][et_pb_section fb_built=\u00a0\u00bb1&Prime; _builder_version=\u00a0\u00bb4.5.3&Prime; background_color=\u00a0\u00bb#3f4ebf\u00a0\u00bb custom_padding=\u00a0\u00bb8px|0px|0px|0px||\u00a0\u00bb][et_pb_row _builder_version=\u00a0\u00bb4.5.3&Prime;][et_pb_column type=\u00a0\u00bb4_4&Prime; _builder_version=\u00a0\u00bb4.3.2&Prime;][et_pb_text _builder_version=\u00a0\u00bb4.4.8&Prime; header_text_align=\u00a0\u00bbleft\u00a0\u00bb header_text_color=\u00a0\u00bb#ffffff\u00a0\u00bb header_font_size=\u00a0\u00bb45px\u00a0\u00bb animation_style=\u00a0\u00bbfade\u00a0\u00bb]<\/p>\n<h1 style=\"text-align: left;\"><b>Dessins<\/b><\/h1>\n<p>[\/et_pb_text][\/et_pb_column][\/et_pb_row][\/et_pb_section][et_pb_section fb_built=\u00a0\u00bb1&Prime; _builder_version=\u00a0\u00bb4.5.3&Prime; _module_preset=\u00a0\u00bbdefault\u00a0\u00bb custom_padding=\u00a0\u00bb26px|0px|5px|0px||\u00a0\u00bb][et_pb_row _builder_version=\u00a0\u00bb4.5.3&Prime; _module_preset=\u00a0\u00bbdefault\u00a0\u00bb locked=\u00a0\u00bboff\u00a0\u00bb custom_padding=\u00a0\u00bb||3px|||\u00a0\u00bb][et_pb_column _builder_version=\u00a0\u00bb4.5.3&Prime; _module_preset=\u00a0\u00bbdefault\u00a0\u00bb type=\u00a0\u00bb4_4&Prime;][et_pb_text _builder_version=\u00a0\u00bb4.5.3&Prime; header_text_align=\u00a0\u00bbleft\u00a0\u00bb header_text_color=\u00a0\u00bb#3f4ebf\u00a0\u00bb header_font_size=\u00a0\u00bb35px\u00a0\u00bb animation_style=\u00a0\u00bbfade\u00a0\u00bb hover_enabled=\u00a0\u00bb0&Prime; locked=\u00a0\u00bboff\u00a0\u00bb]<\/p>\n<h1 style=\"text-align: center;\"><b>Adrien B.<\/b><\/h1>\n<p>[\/et_pb_text][\/et_pb_column][\/et_pb_row][et_pb_row _builder_version=\u00a0\u00bb4.5.3&Prime; _module_preset=\u00a0\u00bbdefault\u00a0\u00bb custom_padding=\u00a0\u00bb6px||8px|||\u00a0\u00bb][et_pb_column type=\u00a0\u00bb4_4&Prime; _builder_version=\u00a0\u00bb4.5.3&Prime; _module_preset=\u00a0\u00bbdefault\u00a0\u00bb][et_pb_gallery gallery_ids=\u00a0\u00bb3271,3270,3269,3268,3267&Prime; fullwidth=\u00a0\u00bbon\u00a0\u00bb _builder_version=\u00a0\u00bb4.5.3&Prime; _module_preset=\u00a0\u00bbdefault\u00a0\u00bb title_text_color=\u00a0\u00bb#000000&Prime; max_width=\u00a0\u00bb69%\u00a0\u00bb module_alignment=\u00a0\u00bbcenter\u00a0\u00bb][\/et_pb_gallery][et_pb_text _builder_version=\u00a0\u00bb4.5.3&Prime; _module_preset=\u00a0\u00bbdefault\u00a0\u00bb]<\/p>\n<div class=\"n module-type-text diyfeLiveArea \">\n<p>Je m&rsquo;appelle Adrien et j&rsquo;ai 11 ans. Je suis tr\u00e8s bon en dessin. Je dessine des paysages, des trains, des avions et des \u00e9glises et des bateaux. \u00a0Je pr\u00e8f\u00e8re dessiner au crayon \u00e0 mine.<\/p>\n<\/div>\n<div class=\"n module-type-hr diyfeLiveArea \">\n<div><\/div>\n<\/div>\n<p>[\/et_pb_text][\/et_pb_column][\/et_pb_row][\/et_pb_section][et_pb_section fb_built=\u00a0\u00bb1&Prime; _builder_version=\u00a0\u00bb4.5.3&Prime; _module_preset=\u00a0\u00bbdefault\u00a0\u00bb custom_padding=\u00a0\u00bb7px|0px|4px|0px||\u00a0\u00bb][et_pb_row _builder_version=\u00a0\u00bb4.5.3&Prime; _module_preset=\u00a0\u00bbdefault\u00a0\u00bb locked=\u00a0\u00bboff\u00a0\u00bb][et_pb_column _builder_version=\u00a0\u00bb4.5.3&Prime; _module_preset=\u00a0\u00bbdefault\u00a0\u00bb type=\u00a0\u00bb4_4&Prime;][et_pb_text _builder_version=\u00a0\u00bb4.5.3&Prime; header_text_align=\u00a0\u00bbleft\u00a0\u00bb header_text_color=\u00a0\u00bb#3f4ebf\u00a0\u00bb header_font_size=\u00a0\u00bb35px\u00a0\u00bb animation_style=\u00a0\u00bbfade\u00a0\u00bb hover_enabled=\u00a0\u00bb0&Prime; locked=\u00a0\u00bboff\u00a0\u00bb]<\/p>\n<h1 style=\"text-align: center;\"><b>Luka Cruz-Guerrero<\/b><\/h1>\n<p>[\/et_pb_text][\/et_pb_column][\/et_pb_row][et_pb_row _builder_version=\u00a0\u00bb4.5.3&Prime; _module_preset=\u00a0\u00bbdefault\u00a0\u00bb custom_padding=\u00a0\u00bb7px|||||\u00a0\u00bb][et_pb_column _builder_version=\u00a0\u00bb4.5.3&Prime; _module_preset=\u00a0\u00bbdefault\u00a0\u00bb type=\u00a0\u00bb4_4&Prime;][et_pb_gallery gallery_ids=\u00a0\u00bb3277,3278,3279,3280&Prime; fullwidth=\u00a0\u00bbon\u00a0\u00bb _builder_version=\u00a0\u00bb4.5.3&Prime; _module_preset=\u00a0\u00bbdefault\u00a0\u00bb title_text_color=\u00a0\u00bb#000000&Prime; max_width=\u00a0\u00bb40%\u00a0\u00bb module_alignment=\u00a0\u00bbcenter\u00a0\u00bb hover_enabled=\u00a0\u00bb0&Prime;][\/et_pb_gallery][\/et_pb_column][\/et_pb_row][et_pb_row _builder_version=\u00a0\u00bb4.5.3&Prime; _module_preset=\u00a0\u00bbdefault\u00a0\u00bb custom_padding=\u00a0\u00bb||5px|||\u00a0\u00bb][et_pb_column _builder_version=\u00a0\u00bb4.5.3&Prime; _module_preset=\u00a0\u00bbdefault\u00a0\u00bb type=\u00a0\u00bb4_4&Prime;][et_pb_text _builder_version=\u00a0\u00bb4.5.3&Prime; _module_preset=\u00a0\u00bbdefault\u00a0\u00bb hover_enabled=\u00a0\u00bb0&Prime;]<\/p>\n<p>Quand il \u00e9tait tout petit, m\u00eame avant de tenir bien son crayon, Luka ne dessinait que des trains, les trains de Thomas et ses amis. Il dessinait tr\u00e8s rarement des personnes. Avec le temps il s&rsquo;est int\u00e9ress\u00e9 \u00e0 dessiner des personnages de films et des insectes. Luka a 7 ans en 2012, il continue a aimer le dessin mais actuellement il le fait rarement sur papier, il dessine \u00e0 l&rsquo;ordinateur et des fois dans son tableau.<\/p>\n<p>Il aime encore les insectes, il regarde Minuscule, Dr\u00f4le de petites b\u00eates, Miss Spider, Une vie de bestiole ou des vid\u00e9os sur internet.<\/p>\n<p>&nbsp;<\/p>\n<p>La photographie et le piano sont des autres passions de m\u00eame que les voitures du film Les bagnoles qui connait bien et collectionne. Il est devenu un bon joueur de pac-man \u00e0 l&rsquo;ordinateur et il aime aussi jouer des histoires avec ses figurines ou peluches et pour cela il construit minutieusement la sc\u00e8ne. Il adore aussi les signaux de la route et il est en ce moment tr\u00e8s int\u00e9ress\u00e9 \u00e0 apprendre la route de chaque ligne d&rsquo;autobus et les stations du m\u00e9tro. Luka est content d&rsquo;aller \u00e0 l&rsquo;\u00e9cole, il aime pas les cong\u00e9s ni les vacances de no\u00ebl. Il a deux amis, un gar\u00e7on et une fille. Il fait ses devoirs tous les jours \u00e0 la m\u00eame heure, apr\u00e8s sa pratique de piano. Parce qu&rsquo;il aime la nature, son r\u00eave est de travailler dans le jardin botanique ou avec les machines du recyclage. Il voudrait aussi faire l&rsquo;infographie et inventer des histoires pour les films. Il dit qu&rsquo;il ne voudrait jamais devenir astronaute parce qu&rsquo;il veut pas sortir de la terre.<\/p>\n<p>\u00a0merci<\/p>\n<p>[\/et_pb_text][\/et_pb_column][\/et_pb_row][\/et_pb_section][et_pb_section fb_built=\u00a0\u00bb1&Prime; _builder_version=\u00a0\u00bb4.5.3&Prime; _module_preset=\u00a0\u00bbdefault\u00a0\u00bb custom_padding=\u00a0\u00bb8px|0px|5px|0px||\u00a0\u00bb][et_pb_row _builder_version=\u00a0\u00bb4.5.3&Prime; _module_preset=\u00a0\u00bbdefault\u00a0\u00bb locked=\u00a0\u00bboff\u00a0\u00bb][et_pb_column _builder_version=\u00a0\u00bb4.5.3&Prime; _module_preset=\u00a0\u00bbdefault\u00a0\u00bb type=\u00a0\u00bb4_4&Prime;][et_pb_text _builder_version=\u00a0\u00bb4.5.3&Prime; header_text_align=\u00a0\u00bbleft\u00a0\u00bb header_text_color=\u00a0\u00bb#3f4ebf\u00a0\u00bb header_font_size=\u00a0\u00bb35px\u00a0\u00bb animation_style=\u00a0\u00bbfade\u00a0\u00bb hover_enabled=\u00a0\u00bb0&Prime; locked=\u00a0\u00bboff\u00a0\u00bb]<\/p>\n<h1 style=\"text-align: center;\"><b>Bridgette<\/b><\/h1>\n<p>[\/et_pb_text][\/et_pb_column][\/et_pb_row][et_pb_row _builder_version=\u00a0\u00bb4.5.3&Prime; _module_preset=\u00a0\u00bbdefault\u00a0\u00bb custom_padding=\u00a0\u00bb7px|||||\u00a0\u00bb][et_pb_column _builder_version=\u00a0\u00bb4.5.3&Prime; _module_preset=\u00a0\u00bbdefault\u00a0\u00bb type=\u00a0\u00bb4_4&Prime;][et_pb_gallery gallery_ids=\u00a0\u00bb3281&Prime; fullwidth=\u00a0\u00bbon\u00a0\u00bb _builder_version=\u00a0\u00bb4.5.3&Prime; _module_preset=\u00a0\u00bbdefault\u00a0\u00bb title_text_color=\u00a0\u00bb#000000&Prime; max_width=\u00a0\u00bb40%\u00a0\u00bb module_alignment=\u00a0\u00bbcenter\u00a0\u00bb hover_enabled=\u00a0\u00bb0&Prime;][\/et_pb_gallery][\/et_pb_column][\/et_pb_row][et_pb_row _builder_version=\u00a0\u00bb4.5.3&Prime; _module_preset=\u00a0\u00bbdefault\u00a0\u00bb custom_padding=\u00a0\u00bb||5px|||\u00a0\u00bb][et_pb_column _builder_version=\u00a0\u00bb4.5.3&Prime; _module_preset=\u00a0\u00bbdefault\u00a0\u00bb type=\u00a0\u00bb4_4&Prime;][et_pb_text _builder_version=\u00a0\u00bb4.5.3&Prime; _module_preset=\u00a0\u00bbdefault\u00a0\u00bb hover_enabled=\u00a0\u00bb0&Prime;]<\/p>\n<p>Mon nom est Bridgette et j&rsquo;ai 9 ans. Je suis une illustratrice et ceci est un dessin d&rsquo;une fille et son chien. J&rsquo;aime dessiner en Anime, et les chiens. Je n&rsquo;ai pas de chien comme animal domestique mais j&rsquo;ai deux rats qui s&rsquo;appellent Wiskers et Nibbles. Si vous \u00e9crivez un livre mais vous n&rsquo;avez pas d&rsquo;illustrateur, laissez-moi savoir !<\/p>\n<p style=\"text-align: right;\">Sinc\u00e8rement et artistiquement,<\/p>\n<p style=\"text-align: right;\">-Bridgette<\/p>\n<p>[\/et_pb_text][\/et_pb_column][\/et_pb_row][\/et_pb_section][et_pb_section fb_built=\u00a0\u00bb1&Prime; _builder_version=\u00a0\u00bb4.5.3&Prime; _module_preset=\u00a0\u00bbdefault\u00a0\u00bb custom_padding=\u00a0\u00bb3px|0px|6px|0px||\u00a0\u00bb][et_pb_row _builder_version=\u00a0\u00bb4.5.3&Prime; _module_preset=\u00a0\u00bbdefault\u00a0\u00bb][et_pb_column _builder_version=\u00a0\u00bb4.5.3&Prime; _module_preset=\u00a0\u00bbdefault\u00a0\u00bb type=\u00a0\u00bb4_4&Prime;][et_pb_text _builder_version=\u00a0\u00bb4.5.3&Prime; header_text_align=\u00a0\u00bbleft\u00a0\u00bb header_text_color=\u00a0\u00bb#3f4ebf\u00a0\u00bb header_font_size=\u00a0\u00bb35px\u00a0\u00bb animation_style=\u00a0\u00bbfade\u00a0\u00bb hover_enabled=\u00a0\u00bb0&Prime; locked=\u00a0\u00bboff\u00a0\u00bb]<\/p>\n<h1 style=\"text-align: center;\"><b>Ariane<\/b><\/h1>\n<p>[\/et_pb_text][\/et_pb_column][\/et_pb_row][et_pb_row _builder_version=\u00a0\u00bb4.5.3&Prime; _module_preset=\u00a0\u00bbdefault\u00a0\u00bb custom_padding=\u00a0\u00bb3px|||||\u00a0\u00bb][et_pb_column _builder_version=\u00a0\u00bb4.5.3&Prime; _module_preset=\u00a0\u00bbdefault\u00a0\u00bb type=\u00a0\u00bb4_4&Prime;][et_pb_gallery gallery_ids=\u00a0\u00bb3282,3283&Prime; fullwidth=\u00a0\u00bbon\u00a0\u00bb _builder_version=\u00a0\u00bb4.5.3&Prime; _module_preset=\u00a0\u00bbdefault\u00a0\u00bb title_text_color=\u00a0\u00bb#000000&Prime; max_width=\u00a0\u00bb30%\u00a0\u00bb module_alignment=\u00a0\u00bbcenter\u00a0\u00bb hover_enabled=\u00a0\u00bb0&Prime;][\/et_pb_gallery][\/et_pb_column][\/et_pb_row][et_pb_row _builder_version=\u00a0\u00bb4.5.3&Prime; _module_preset=\u00a0\u00bbdefault\u00a0\u00bb][et_pb_column _builder_version=\u00a0\u00bb4.5.3&Prime; _module_preset=\u00a0\u00bbdefault\u00a0\u00bb type=\u00a0\u00bb4_4&Prime;][et_pb_text _builder_version=\u00a0\u00bb4.5.3&Prime; _module_preset=\u00a0\u00bbdefault\u00a0\u00bb hover_enabled=\u00a0\u00bb0&Prime;]<\/p>\n<p>Je m&rsquo;appelle Ariane, j&rsquo;ai 14 ans.<\/p>\n<p>\u00a0Le dessin de la fille \u00e0 la peau brun, yeux bleu-ciel et cheveux rouge, est un des personnages que j&rsquo;ai cr\u00e9e, elle s&rsquo;appele<span>\u00a0<\/span><strong>Stakaria<\/strong>. Je me suis donn\u00e9e beaucoup de mal pour la cr\u00e9er, m\u00eame si c&rsquo;est difficile \u00e0 croire.\u00a0<\/p>\n<p>\u00a0L&rsquo;autre dessin, qui se nomme<span>\u00a0<\/span><strong>Les Symboles,<\/strong><span>\u00a0<\/span>porte ce nom, parce que il y a deux histoires\u00a0 dont chacun de ces symboles racontent, mais seulement une seule histoire par symbole et que l&rsquo;histoire est diff\u00e9rente et ont certaines choses en commun.<\/p>\n<p>[\/et_pb_text][\/et_pb_column][\/et_pb_row][\/et_pb_section][et_pb_section fb_built=\u00a0\u00bb1&Prime; admin_label=\u00a0\u00bbAbout Us Section\u00a0\u00bb _builder_version=\u00a0\u00bb4.2.2&Prime;][et_pb_row _builder_version=\u00a0\u00bb4.5.3&Prime; _module_preset=\u00a0\u00bbdefault\u00a0\u00bb][et_pb_column type=\u00a0\u00bb4_4&Prime; _builder_version=\u00a0\u00bb4.5.3&Prime; _module_preset=\u00a0\u00bbdefault\u00a0\u00bb][et_pb_button button_url=\u00a0\u00bb@ET-DC@eyJkeW5hbWljIjp0cnVlLCJjb250ZW50IjoicG9zdF9saW5rX3VybF9wYWdlIiwic2V0dGluZ3MiOnsicG9zdF9pZCI6IjIyMTAifX0=@\u00a0\u00bb button_text=\u00a0\u00bbRetour\u00a0\u00bb button_alignment=\u00a0\u00bbcenter\u00a0\u00bb _builder_version=\u00a0\u00bb4.5.3&Prime; _dynamic_attributes=\u00a0\u00bbbutton_url\u00a0\u00bb _module_preset=\u00a0\u00bbdefault\u00a0\u00bb custom_button=\u00a0\u00bbon\u00a0\u00bb button_text_color=\u00a0\u00bb#ffffff\u00a0\u00bb button_bg_color=\u00a0\u00bb#d10034&Prime; background_layout=\u00a0\u00bbdark\u00a0\u00bb][\/et_pb_button][\/et_pb_column][\/et_pb_row][\/et_pb_section][et_pb_section fb_built=\u00a0\u00bb1&Prime; _builder_version=\u00a0\u00bb4.4.8&Prime;][et_pb_row _builder_version=\u00a0\u00bb4.4.1&Prime; custom_margin=\u00a0\u00bb-9px|auto||auto||\u00a0\u00bb custom_padding=\u00a0\u00bb||0px|||\u00a0\u00bb][et_pb_column type=\u00a0\u00bb4_4&Prime; _builder_version=\u00a0\u00bb4.4.1&Prime;][et_pb_image src=\u00a0\u00bbhttp:\/\/www.ccifa-ted.com\/wp-content\/uploads\/2020\/07\/AdobeStock_249383146.jpeg\u00a0\u00bb title_text=\u00a0\u00bbFoot print\u00a0\u00bb _builder_version=\u00a0\u00bb4.5.1&Prime; max_width=\u00a0\u00bb24%\u00a0\u00bb module_alignment=\u00a0\u00bbcenter\u00a0\u00bb][\/et_pb_image][\/et_pb_column][\/et_pb_row][\/et_pb_section]<\/p>\n","protected":false},"excerpt":{"rendered":"<p>DessinsAdrien B. Je m&rsquo;appelle Adrien et j&rsquo;ai 11 ans. Je suis tr\u00e8s bon en dessin. Je dessine des paysages, des trains, des avions et des \u00e9glises et des bateaux. \u00a0Je pr\u00e8f\u00e8re dessiner au crayon \u00e0 mine. Luka Cruz-Guerrero Quand il \u00e9tait tout petit, m\u00eame avant de tenir bien son crayon, Luka ne dessinait que des [&hellip;]<\/p>\n","protected":false},"author":4,"featured_media":0,"parent":0,"menu_order":0,"comment_status":"closed","ping_status":"closed","template":"","meta":{"_et_pb_use_builder":"on","_et_pb_old_content":"","_et_gb_content_width":"","footnotes":""},"class_list":["post-3215","page","type-page","status-publish","hentry"],"yoast_head":"<!-- This site is optimized with the Yoast SEO plugin v27.3 - https:\/\/yoast.com\/product\/yoast-seo-wordpress\/ -->\n<title>Dessins - CCIFA-TED<\/title>\n<meta name=\"robots\" content=\"index, follow, max-snippet:-1, max-image-preview:large, max-video-preview:-1\" \/>\n<link rel=\"canonical\" href=\"https:\/\/www.ccifa-ted.com\/en\/dessins\/\" \/>\n<meta property=\"og:locale\" content=\"en_US\" \/>\n<meta property=\"og:type\" content=\"article\" \/>\n<meta property=\"og:title\" content=\"Dessins - CCIFA-TED\" \/>\n<meta property=\"og:description\" content=\"DessinsAdrien B. Je m&#039;appelle Adrien et j&#039;ai 11 ans. Je suis tr\u00e8s bon en dessin. Je dessine des paysages, des trains, des avions et des \u00e9glises et des bateaux. \u00a0Je pr\u00e8f\u00e8re dessiner au crayon \u00e0 mine. Luka Cruz-Guerrero Quand il \u00e9tait tout petit, m\u00eame avant de tenir bien son crayon, Luka ne dessinait que des [&hellip;]\" \/>\n<meta property=\"og:url\" content=\"https:\/\/www.ccifa-ted.com\/en\/dessins\/\" \/>\n<meta property=\"og:site_name\" content=\"CCIFA-TED\" \/>\n<meta property=\"article:publisher\" content=\"https:\/\/www.facebook.com\/people\/Ccifa-Ted\/100063489645130\/\" \/>\n<meta property=\"article:modified_time\" content=\"2020-08-07T15:59:45+00:00\" \/>\n<meta property=\"og:image\" content=\"https:\/\/www.ccifa-ted.com\/wp-content\/uploads\/2020\/08\/logotransp.png\" \/>\n\t<meta property=\"og:image:width\" content=\"415\" \/>\n\t<meta property=\"og:image:height\" content=\"333\" \/>\n\t<meta property=\"og:image:type\" content=\"image\/png\" \/>\n<meta name=\"twitter:card\" content=\"summary_large_image\" \/>\n<meta name=\"twitter:label1\" content=\"Est. reading time\" \/>\n\t<meta name=\"twitter:data1\" content=\"7 minutes\" \/>\n<script type=\"application\/ld+json\" class=\"yoast-schema-graph\">{\"@context\":\"https:\\\/\\\/schema.org\",\"@graph\":[{\"@type\":\"WebPage\",\"@id\":\"https:\\\/\\\/www.ccifa-ted.com\\\/dessins\\\/\",\"url\":\"https:\\\/\\\/www.ccifa-ted.com\\\/dessins\\\/\",\"name\":\"Dessins - CCIFA-TED\",\"isPartOf\":{\"@id\":\"https:\\\/\\\/www.ccifa-ted.com\\\/#website\"},\"datePublished\":\"2020-08-07T13:57:01+00:00\",\"dateModified\":\"2020-08-07T15:59:45+00:00\",\"breadcrumb\":{\"@id\":\"https:\\\/\\\/www.ccifa-ted.com\\\/dessins\\\/#breadcrumb\"},\"inLanguage\":\"en-CA\",\"potentialAction\":[{\"@type\":\"ReadAction\",\"target\":[\"https:\\\/\\\/www.ccifa-ted.com\\\/dessins\\\/\"]}]},{\"@type\":\"BreadcrumbList\",\"@id\":\"https:\\\/\\\/www.ccifa-ted.com\\\/dessins\\\/#breadcrumb\",\"itemListElement\":[{\"@type\":\"ListItem\",\"position\":1,\"name\":\"Home\",\"item\":\"https:\\\/\\\/www.ccifa-ted.com\\\/\"},{\"@type\":\"ListItem\",\"position\":2,\"name\":\"Dessins\"}]},{\"@type\":\"WebSite\",\"@id\":\"https:\\\/\\\/www.ccifa-ted.com\\\/#website\",\"url\":\"https:\\\/\\\/www.ccifa-ted.com\\\/\",\"name\":\"CCIFA\",\"description\":\"La clinique de consultation, d\u2019intervention et de formation en autisme\",\"publisher\":{\"@id\":\"https:\\\/\\\/www.ccifa-ted.com\\\/#organization\"},\"alternateName\":\"Clinique de Consultation, Intervention et Formation en Autisme\",\"potentialAction\":[{\"@type\":\"SearchAction\",\"target\":{\"@type\":\"EntryPoint\",\"urlTemplate\":\"https:\\\/\\\/www.ccifa-ted.com\\\/?s={search_term_string}\"},\"query-input\":{\"@type\":\"PropertyValueSpecification\",\"valueRequired\":true,\"valueName\":\"search_term_string\"}}],\"inLanguage\":\"en-CA\"},{\"@type\":\"Organization\",\"@id\":\"https:\\\/\\\/www.ccifa-ted.com\\\/#organization\",\"name\":\"CCIFA\",\"alternateName\":\"Clinique de Consultation, Intervention et Formation en Autisme\",\"url\":\"https:\\\/\\\/www.ccifa-ted.com\\\/\",\"logo\":{\"@type\":\"ImageObject\",\"inLanguage\":\"en-CA\",\"@id\":\"https:\\\/\\\/www.ccifa-ted.com\\\/#\\\/schema\\\/logo\\\/image\\\/\",\"url\":\"https:\\\/\\\/www.ccifa-ted.com\\\/wp-content\\\/uploads\\\/2020\\\/08\\\/logotransp.png\",\"contentUrl\":\"https:\\\/\\\/www.ccifa-ted.com\\\/wp-content\\\/uploads\\\/2020\\\/08\\\/logotransp.png\",\"width\":415,\"height\":333,\"caption\":\"CCIFA\"},\"image\":{\"@id\":\"https:\\\/\\\/www.ccifa-ted.com\\\/#\\\/schema\\\/logo\\\/image\\\/\"},\"sameAs\":[\"https:\\\/\\\/www.facebook.com\\\/people\\\/Ccifa-Ted\\\/100063489645130\\\/\"]}]}<\/script>\n<!-- \/ Yoast SEO plugin. -->","yoast_head_json":{"title":"Dessins - CCIFA-TED","robots":{"index":"index","follow":"follow","max-snippet":"max-snippet:-1","max-image-preview":"max-image-preview:large","max-video-preview":"max-video-preview:-1"},"canonical":"https:\/\/www.ccifa-ted.com\/en\/dessins\/","og_locale":"en_US","og_type":"article","og_title":"Dessins - CCIFA-TED","og_description":"DessinsAdrien B. Je m'appelle Adrien et j'ai 11 ans. Je suis tr\u00e8s bon en dessin. Je dessine des paysages, des trains, des avions et des \u00e9glises et des bateaux. \u00a0Je pr\u00e8f\u00e8re dessiner au crayon \u00e0 mine. Luka Cruz-Guerrero Quand il \u00e9tait tout petit, m\u00eame avant de tenir bien son crayon, Luka ne dessinait que des [&hellip;]","og_url":"https:\/\/www.ccifa-ted.com\/en\/dessins\/","og_site_name":"CCIFA-TED","article_publisher":"https:\/\/www.facebook.com\/people\/Ccifa-Ted\/100063489645130\/","article_modified_time":"2020-08-07T15:59:45+00:00","og_image":[{"width":415,"height":333,"url":"https:\/\/www.ccifa-ted.com\/wp-content\/uploads\/2020\/08\/logotransp.png","type":"image\/png"}],"twitter_card":"summary_large_image","twitter_misc":{"Est. reading time":"7 minutes"},"schema":{"@context":"https:\/\/schema.org","@graph":[{"@type":"WebPage","@id":"https:\/\/www.ccifa-ted.com\/dessins\/","url":"https:\/\/www.ccifa-ted.com\/dessins\/","name":"Dessins - CCIFA-TED","isPartOf":{"@id":"https:\/\/www.ccifa-ted.com\/#website"},"datePublished":"2020-08-07T13:57:01+00:00","dateModified":"2020-08-07T15:59:45+00:00","breadcrumb":{"@id":"https:\/\/www.ccifa-ted.com\/dessins\/#breadcrumb"},"inLanguage":"en-CA","potentialAction":[{"@type":"ReadAction","target":["https:\/\/www.ccifa-ted.com\/dessins\/"]}]},{"@type":"BreadcrumbList","@id":"https:\/\/www.ccifa-ted.com\/dessins\/#breadcrumb","itemListElement":[{"@type":"ListItem","position":1,"name":"Home","item":"https:\/\/www.ccifa-ted.com\/"},{"@type":"ListItem","position":2,"name":"Dessins"}]},{"@type":"WebSite","@id":"https:\/\/www.ccifa-ted.com\/#website","url":"https:\/\/www.ccifa-ted.com\/","name":"CCIFA","description":"La clinique de consultation, d\u2019intervention et de formation en autisme","publisher":{"@id":"https:\/\/www.ccifa-ted.com\/#organization"},"alternateName":"Clinique de Consultation, Intervention et Formation en Autisme","potentialAction":[{"@type":"SearchAction","target":{"@type":"EntryPoint","urlTemplate":"https:\/\/www.ccifa-ted.com\/?s={search_term_string}"},"query-input":{"@type":"PropertyValueSpecification","valueRequired":true,"valueName":"search_term_string"}}],"inLanguage":"en-CA"},{"@type":"Organization","@id":"https:\/\/www.ccifa-ted.com\/#organization","name":"CCIFA","alternateName":"Clinique de Consultation, Intervention et Formation en Autisme","url":"https:\/\/www.ccifa-ted.com\/","logo":{"@type":"ImageObject","inLanguage":"en-CA","@id":"https:\/\/www.ccifa-ted.com\/#\/schema\/logo\/image\/","url":"https:\/\/www.ccifa-ted.com\/wp-content\/uploads\/2020\/08\/logotransp.png","contentUrl":"https:\/\/www.ccifa-ted.com\/wp-content\/uploads\/2020\/08\/logotransp.png","width":415,"height":333,"caption":"CCIFA"},"image":{"@id":"https:\/\/www.ccifa-ted.com\/#\/schema\/logo\/image\/"},"sameAs":["https:\/\/www.facebook.com\/people\/Ccifa-Ted\/100063489645130\/"]}]}},"_links":{"self":[{"href":"https:\/\/www.ccifa-ted.com\/en\/wp-json\/wp\/v2\/pages\/3215","targetHints":{"allow":["GET"]}}],"collection":[{"href":"https:\/\/www.ccifa-ted.com\/en\/wp-json\/wp\/v2\/pages"}],"about":[{"href":"https:\/\/www.ccifa-ted.com\/en\/wp-json\/wp\/v2\/types\/page"}],"author":[{"embeddable":true,"href":"https:\/\/www.ccifa-ted.com\/en\/wp-json\/wp\/v2\/users\/4"}],"replies":[{"embeddable":true,"href":"https:\/\/www.ccifa-ted.com\/en\/wp-json\/wp\/v2\/comments?post=3215"}],"version-history":[{"count":8,"href":"https:\/\/www.ccifa-ted.com\/en\/wp-json\/wp\/v2\/pages\/3215\/revisions"}],"predecessor-version":[{"id":3284,"href":"https:\/\/www.ccifa-ted.com\/en\/wp-json\/wp\/v2\/pages\/3215\/revisions\/3284"}],"wp:attachment":[{"href":"https:\/\/www.ccifa-ted.com\/en\/wp-json\/wp\/v2\/media?parent=3215"}],"curies":[{"name":"wp","href":"https:\/\/api.w.org\/{rel}","templated":true}]}}