{"id":3226,"date":"2020-08-07T10:02:28","date_gmt":"2020-08-07T14:02:28","guid":{"rendered":"http:\/\/www.ccifa-ted.com\/?page_id=3226"},"modified":"2023-09-22T11:00:49","modified_gmt":"2023-09-22T15:00:49","slug":"histoire-logo","status":"publish","type":"page","link":"https:\/\/www.ccifa-ted.com\/en\/histoire-logo\/","title":{"rendered":"History of our logo"},"content":{"rendered":"<p>[et_pb_section fb_built=\u00a0\u00bb1&Prime; fullwidth=\u00a0\u00bbon\u00a0\u00bb _builder_version=\u00a0\u00bb4.2.2&Prime; background_color=\u00a0\u00bb#0c71c3&Prime; background_color_gradient_start=\u00a0\u00bb#0c71c3&Prime; background_color_gradient_end=\u00a0\u00bb#0c71c3&Prime; height=\u00a0\u00bb100px\u00a0\u00bb max_height=\u00a0\u00bb100px\u00a0\u00bb custom_margin=\u00a0\u00bb-3px||-63px|||\u00a0\u00bb][\/et_pb_section][et_pb_section fb_built=\u00a0\u00bb1&Prime; fullwidth=\u00a0\u00bbon\u00a0\u00bb _builder_version=\u00a0\u00bb4.2.2&Prime; background_color=\u00a0\u00bbrgba(0,0,0,0)\u00a0\u00bb][\/et_pb_section][et_pb_section fb_built=\u00a0\u00bb1&Prime; admin_label=\u00a0\u00bbHero Section\u00a0\u00bb _builder_version=\u00a0\u00bb4.3.1&Prime; use_background_color_gradient=\u00a0\u00bbon\u00a0\u00bb background_color_gradient_start=\u00a0\u00bb#ffffff\u00a0\u00bb background_color_gradient_end=\u00a0\u00bb#ffffff\u00a0\u00bb background_color_gradient_type=\u00a0\u00bbradial\u00a0\u00bb background_image=\u00a0\u00bbhttp:\/\/www.ccifa-ted.com\/wp-content\/uploads\/2020\/02\/art_materials_arts_and_crafts_bright_brush_colored_pencils_colors_colours_compass-916352.jpg\u00a0\u00bb custom_margin=\u00a0\u00bb-87px|||||\u00a0\u00bb custom_padding=\u00a0\u00bb106px|0px|232px|0px||\u00a0\u00bb][\/et_pb_section][et_pb_section fb_built=\u00a0\u00bb1&Prime; _builder_version=\u00a0\u00bb4.5.3&Prime; background_color=\u00a0\u00bb#d10034&Prime; custom_padding=\u00a0\u00bb8px|0px|0px|0px||\u00a0\u00bb][et_pb_row _builder_version=\u00a0\u00bb4.3.2&Prime;][et_pb_column type=\u00a0\u00bb4_4&Prime; _builder_version=\u00a0\u00bb4.3.2&Prime;][et_pb_text _builder_version=\u00a0\u00bb4.4.8&Prime; header_text_align=\u00a0\u00bbleft\u00a0\u00bb header_text_color=\u00a0\u00bb#ffffff\u00a0\u00bb header_font_size=\u00a0\u00bb45px\u00a0\u00bb animation_style=\u00a0\u00bbfade\u00a0\u00bb]<\/p>\n<h1 style=\"text-align: left;\"><b>Histoire de notre logo<\/b><\/h1>\n<p>[\/et_pb_text][\/et_pb_column][\/et_pb_row][\/et_pb_section][et_pb_section fb_built=\u00a0\u00bb1&Prime; _builder_version=\u00a0\u00bb4.5.3&Prime; _module_preset=\u00a0\u00bbdefault\u00a0\u00bb custom_padding=\u00a0\u00bb26px|0px|4px|0px||\u00a0\u00bb][et_pb_row column_structure=\u00a0\u00bb1_2,1_2&Prime; _builder_version=\u00a0\u00bb4.5.3&Prime; _module_preset=\u00a0\u00bbdefault\u00a0\u00bb][et_pb_column type=\u00a0\u00bb1_2&Prime; _builder_version=\u00a0\u00bb4.5.3&Prime; _module_preset=\u00a0\u00bbdefault\u00a0\u00bb][et_pb_text _builder_version=\u00a0\u00bb4.5.3&Prime; _module_preset=\u00a0\u00bbdefault\u00a0\u00bb text_font_size=\u00a0\u00bb16px\u00a0\u00bb]<\/p>\n<p><span>Je connais \u00c9milie depuis qu\u2019elle a l\u2019\u00e2ge de 8 ans. J\u2019ai eu le privil\u00e8ge de l\u2019accompagner dans une partie de son cheminement scolaire au primaire. Elle a \u00e9t\u00e9 un professeur tr\u00e8s important pour moi dans l\u2019\u00e9volution de ma compr\u00e9hension de l\u2019autisme. Il y a plus de 7 ans, j\u2019ai d\u00e9marr\u00e9 une clinique priv\u00e9e sp\u00e9cialis\u00e9e pour venir en aide pour les personnes pr\u00e9sentant un TED. Je souhaitais cr\u00e9er un logo qui soit unique et original.<\/span><\/p>\n<p>[\/et_pb_text][\/et_pb_column][et_pb_column type=\u00a0\u00bb1_2&Prime; _builder_version=\u00a0\u00bb4.5.3&Prime; _module_preset=\u00a0\u00bbdefault\u00a0\u00bb][et_pb_image src=\u00a0\u00bbhttp:\/\/www.ccifa-ted.com\/wp-content\/uploads\/2020\/08\/logotransp.png\u00a0\u00bb title_text=\u00a0\u00bblogotransp\u00a0\u00bb _builder_version=\u00a0\u00bb4.5.3&Prime; _module_preset=\u00a0\u00bbdefault\u00a0\u00bb width=\u00a0\u00bb63%\u00a0\u00bb module_alignment=\u00a0\u00bbcenter\u00a0\u00bb custom_margin=\u00a0\u00bb-17px|||||\u00a0\u00bb custom_padding=\u00a0\u00bb0px|||||\u00a0\u00bb][\/et_pb_image][\/et_pb_column][\/et_pb_row][et_pb_row _builder_version=\u00a0\u00bb4.5.3&Prime; _module_preset=\u00a0\u00bbdefault\u00a0\u00bb][et_pb_column type=\u00a0\u00bb4_4&Prime; _builder_version=\u00a0\u00bb4.5.3&Prime; _module_preset=\u00a0\u00bbdefault\u00a0\u00bb][et_pb_text _builder_version=\u00a0\u00bb4.5.3&Prime; _module_preset=\u00a0\u00bbdefault\u00a0\u00bb text_font_size=\u00a0\u00bb16px\u00a0\u00bb]<\/p>\n<p><span>Les talents de dessins d\u2019\u00c9milie me sont tout de suite venu \u00e0 l\u2019id\u00e9e\u00a0 et j\u2019ai contact\u00e9 sa famille. Apr\u00e8s avoir regard\u00e9 plusieurs de ses dessins, je souhaitais quelque chose de plus personnel alors j\u2019ai demand\u00e9 \u00e0 \u00c9milie (verbalement et par \u00e9crit) de me faire un dessin qui repr\u00e9sente \u00ab Un bureau qui accueille des personnes pour les aider \u00bb. Quelques jours plus tard, j\u2019avais ce dessin qui r\u00e9pondait exactement \u00e0 ma demande. Fais int\u00e9ressant, ayant utilis\u00e9 le mot bureau (comme endroit), \u00c9milie a dessin\u00e9 un bureau qui fait \u00e0 la fois image d\u2019un endroit (maison) mais aussi d\u2019un vrai bureau avec tiroir inclus !!!<\/span><\/p>\n<p><span><\/span><\/p>\n<p style=\"text-align: right;\"><span><strong><em>&#8211; Marie-Helene Prud&rsquo;homme<\/em><\/strong><\/span><\/p>\n<p>[\/et_pb_text][\/et_pb_column][\/et_pb_row][\/et_pb_section][et_pb_section fb_built=\u00a0\u00bb1&Prime; admin_label=\u00a0\u00bbAbout Us Section\u00a0\u00bb _builder_version=\u00a0\u00bb4.2.2&Prime; custom_padding=\u00a0\u00bb6px|0px|25px|0px||\u00a0\u00bb][et_pb_row _builder_version=\u00a0\u00bb4.5.3&Prime; _module_preset=\u00a0\u00bbdefault\u00a0\u00bb custom_padding=\u00a0\u00bb7px|||||\u00a0\u00bb][et_pb_column type=\u00a0\u00bb4_4&Prime; _builder_version=\u00a0\u00bb4.5.3&Prime; _module_preset=\u00a0\u00bbdefault\u00a0\u00bb][et_pb_button button_url=\u00a0\u00bb@ET-DC@eyJkeW5hbWljIjp0cnVlLCJjb250ZW50IjoicG9zdF9saW5rX3VybF9wYWdlIiwic2V0dGluZ3MiOnsicG9zdF9pZCI6IjIyMTAifX0=@\u00a0\u00bb button_text=\u00a0\u00bbRetour\u00a0\u00bb button_alignment=\u00a0\u00bbcenter\u00a0\u00bb _builder_version=\u00a0\u00bb4.5.3&Prime; _dynamic_attributes=\u00a0\u00bbbutton_url\u00a0\u00bb _module_preset=\u00a0\u00bbdefault\u00a0\u00bb custom_button=\u00a0\u00bbon\u00a0\u00bb button_text_color=\u00a0\u00bb#ffffff\u00a0\u00bb button_bg_color=\u00a0\u00bb#3f4ebf\u00a0\u00bb background_layout=\u00a0\u00bbdark\u00a0\u00bb][\/et_pb_button][\/et_pb_column][\/et_pb_row][\/et_pb_section][et_pb_section fb_built=\u00a0\u00bb1&Prime; _builder_version=\u00a0\u00bb4.4.8&Prime;][et_pb_row _builder_version=\u00a0\u00bb4.4.1&Prime; custom_margin=\u00a0\u00bb-9px|auto||auto||\u00a0\u00bb custom_padding=\u00a0\u00bb||0px|||\u00a0\u00bb][et_pb_column type=\u00a0\u00bb4_4&Prime; _builder_version=\u00a0\u00bb4.4.1&Prime;][et_pb_image src=\u00a0\u00bbhttp:\/\/www.ccifa-ted.com\/wp-content\/uploads\/2020\/07\/AdobeStock_249383146.jpeg\u00a0\u00bb title_text=\u00a0\u00bbFoot print\u00a0\u00bb _builder_version=\u00a0\u00bb4.5.1&Prime; max_width=\u00a0\u00bb24%\u00a0\u00bb module_alignment=\u00a0\u00bbcenter\u00a0\u00bb][\/et_pb_image][\/et_pb_column][\/et_pb_row][\/et_pb_section]<\/p>\n","protected":false},"excerpt":{"rendered":"<p>Histoire de notre logoJe connais \u00c9milie depuis qu\u2019elle a l\u2019\u00e2ge de 8 ans. J\u2019ai eu le privil\u00e8ge de l\u2019accompagner dans une partie de son cheminement scolaire au primaire. Elle a \u00e9t\u00e9 un professeur tr\u00e8s important pour moi dans l\u2019\u00e9volution de ma compr\u00e9hension de l\u2019autisme. Il y a plus de 7 ans, j\u2019ai d\u00e9marr\u00e9 une clinique [&hellip;]<\/p>\n","protected":false},"author":4,"featured_media":0,"parent":0,"menu_order":0,"comment_status":"closed","ping_status":"closed","template":"","meta":{"_et_pb_use_builder":"on","_et_pb_old_content":"","_et_gb_content_width":"","footnotes":""},"class_list":["post-3226","page","type-page","status-publish","hentry"],"yoast_head":"<!-- This site is optimized with the Yoast SEO plugin v27.3 - https:\/\/yoast.com\/product\/yoast-seo-wordpress\/ -->\n<title>Histoire de notre logo - CCIFA-TED<\/title>\n<meta name=\"robots\" content=\"index, follow, max-snippet:-1, max-image-preview:large, max-video-preview:-1\" \/>\n<link rel=\"canonical\" href=\"https:\/\/www.ccifa-ted.com\/en\/histoire-logo\/\" \/>\n<meta property=\"og:locale\" content=\"en_US\" \/>\n<meta property=\"og:type\" content=\"article\" \/>\n<meta property=\"og:title\" content=\"Histoire de notre logo - CCIFA-TED\" \/>\n<meta property=\"og:description\" content=\"Histoire de notre logoJe connais \u00c9milie depuis qu\u2019elle a l\u2019\u00e2ge de 8 ans. J\u2019ai eu le privil\u00e8ge de l\u2019accompagner dans une partie de son cheminement scolaire au primaire. Elle a \u00e9t\u00e9 un professeur tr\u00e8s important pour moi dans l\u2019\u00e9volution de ma compr\u00e9hension de l\u2019autisme. Il y a plus de 7 ans, j\u2019ai d\u00e9marr\u00e9 une clinique [&hellip;]\" \/>\n<meta property=\"og:url\" content=\"https:\/\/www.ccifa-ted.com\/en\/histoire-logo\/\" \/>\n<meta property=\"og:site_name\" content=\"CCIFA-TED\" \/>\n<meta property=\"article:publisher\" content=\"https:\/\/www.facebook.com\/people\/Ccifa-Ted\/100063489645130\/\" \/>\n<meta property=\"article:modified_time\" content=\"2023-09-22T15:00:49+00:00\" \/>\n<meta property=\"og:image\" content=\"https:\/\/www.ccifa-ted.com\/wp-content\/uploads\/2020\/08\/logotransp.png\" \/>\n\t<meta property=\"og:image:width\" content=\"415\" \/>\n\t<meta property=\"og:image:height\" content=\"333\" \/>\n\t<meta property=\"og:image:type\" content=\"image\/png\" \/>\n<meta name=\"twitter:card\" content=\"summary_large_image\" \/>\n<meta name=\"twitter:label1\" content=\"Est. reading time\" \/>\n\t<meta name=\"twitter:data1\" content=\"3 minutes\" \/>\n<script type=\"application\/ld+json\" class=\"yoast-schema-graph\">{\"@context\":\"https:\\\/\\\/schema.org\",\"@graph\":[{\"@type\":\"WebPage\",\"@id\":\"https:\\\/\\\/www.ccifa-ted.com\\\/histoire-logo\\\/\",\"url\":\"https:\\\/\\\/www.ccifa-ted.com\\\/histoire-logo\\\/\",\"name\":\"Histoire de notre logo - CCIFA-TED\",\"isPartOf\":{\"@id\":\"https:\\\/\\\/www.ccifa-ted.com\\\/#website\"},\"datePublished\":\"2020-08-07T14:02:28+00:00\",\"dateModified\":\"2023-09-22T15:00:49+00:00\",\"breadcrumb\":{\"@id\":\"https:\\\/\\\/www.ccifa-ted.com\\\/histoire-logo\\\/#breadcrumb\"},\"inLanguage\":\"en-CA\",\"potentialAction\":[{\"@type\":\"ReadAction\",\"target\":[\"https:\\\/\\\/www.ccifa-ted.com\\\/histoire-logo\\\/\"]}]},{\"@type\":\"BreadcrumbList\",\"@id\":\"https:\\\/\\\/www.ccifa-ted.com\\\/histoire-logo\\\/#breadcrumb\",\"itemListElement\":[{\"@type\":\"ListItem\",\"position\":1,\"name\":\"Home\",\"item\":\"https:\\\/\\\/www.ccifa-ted.com\\\/\"},{\"@type\":\"ListItem\",\"position\":2,\"name\":\"Histoire de notre logo\"}]},{\"@type\":\"WebSite\",\"@id\":\"https:\\\/\\\/www.ccifa-ted.com\\\/#website\",\"url\":\"https:\\\/\\\/www.ccifa-ted.com\\\/\",\"name\":\"CCIFA\",\"description\":\"La clinique de consultation, d\u2019intervention et de formation en autisme\",\"publisher\":{\"@id\":\"https:\\\/\\\/www.ccifa-ted.com\\\/#organization\"},\"alternateName\":\"Clinique de Consultation, Intervention et Formation en Autisme\",\"potentialAction\":[{\"@type\":\"SearchAction\",\"target\":{\"@type\":\"EntryPoint\",\"urlTemplate\":\"https:\\\/\\\/www.ccifa-ted.com\\\/?s={search_term_string}\"},\"query-input\":{\"@type\":\"PropertyValueSpecification\",\"valueRequired\":true,\"valueName\":\"search_term_string\"}}],\"inLanguage\":\"en-CA\"},{\"@type\":\"Organization\",\"@id\":\"https:\\\/\\\/www.ccifa-ted.com\\\/#organization\",\"name\":\"CCIFA\",\"alternateName\":\"Clinique de Consultation, Intervention et Formation en Autisme\",\"url\":\"https:\\\/\\\/www.ccifa-ted.com\\\/\",\"logo\":{\"@type\":\"ImageObject\",\"inLanguage\":\"en-CA\",\"@id\":\"https:\\\/\\\/www.ccifa-ted.com\\\/#\\\/schema\\\/logo\\\/image\\\/\",\"url\":\"https:\\\/\\\/www.ccifa-ted.com\\\/wp-content\\\/uploads\\\/2020\\\/08\\\/logotransp.png\",\"contentUrl\":\"https:\\\/\\\/www.ccifa-ted.com\\\/wp-content\\\/uploads\\\/2020\\\/08\\\/logotransp.png\",\"width\":415,\"height\":333,\"caption\":\"CCIFA\"},\"image\":{\"@id\":\"https:\\\/\\\/www.ccifa-ted.com\\\/#\\\/schema\\\/logo\\\/image\\\/\"},\"sameAs\":[\"https:\\\/\\\/www.facebook.com\\\/people\\\/Ccifa-Ted\\\/100063489645130\\\/\"]}]}<\/script>\n<!-- \/ Yoast SEO plugin. -->","yoast_head_json":{"title":"Histoire de notre logo - CCIFA-TED","robots":{"index":"index","follow":"follow","max-snippet":"max-snippet:-1","max-image-preview":"max-image-preview:large","max-video-preview":"max-video-preview:-1"},"canonical":"https:\/\/www.ccifa-ted.com\/en\/histoire-logo\/","og_locale":"en_US","og_type":"article","og_title":"Histoire de notre logo - CCIFA-TED","og_description":"Histoire de notre logoJe connais \u00c9milie depuis qu\u2019elle a l\u2019\u00e2ge de 8 ans. J\u2019ai eu le privil\u00e8ge de l\u2019accompagner dans une partie de son cheminement scolaire au primaire. Elle a \u00e9t\u00e9 un professeur tr\u00e8s important pour moi dans l\u2019\u00e9volution de ma compr\u00e9hension de l\u2019autisme. Il y a plus de 7 ans, j\u2019ai d\u00e9marr\u00e9 une clinique [&hellip;]","og_url":"https:\/\/www.ccifa-ted.com\/en\/histoire-logo\/","og_site_name":"CCIFA-TED","article_publisher":"https:\/\/www.facebook.com\/people\/Ccifa-Ted\/100063489645130\/","article_modified_time":"2023-09-22T15:00:49+00:00","og_image":[{"width":415,"height":333,"url":"https:\/\/www.ccifa-ted.com\/wp-content\/uploads\/2020\/08\/logotransp.png","type":"image\/png"}],"twitter_card":"summary_large_image","twitter_misc":{"Est. reading time":"3 minutes"},"schema":{"@context":"https:\/\/schema.org","@graph":[{"@type":"WebPage","@id":"https:\/\/www.ccifa-ted.com\/histoire-logo\/","url":"https:\/\/www.ccifa-ted.com\/histoire-logo\/","name":"Histoire de notre logo - CCIFA-TED","isPartOf":{"@id":"https:\/\/www.ccifa-ted.com\/#website"},"datePublished":"2020-08-07T14:02:28+00:00","dateModified":"2023-09-22T15:00:49+00:00","breadcrumb":{"@id":"https:\/\/www.ccifa-ted.com\/histoire-logo\/#breadcrumb"},"inLanguage":"en-CA","potentialAction":[{"@type":"ReadAction","target":["https:\/\/www.ccifa-ted.com\/histoire-logo\/"]}]},{"@type":"BreadcrumbList","@id":"https:\/\/www.ccifa-ted.com\/histoire-logo\/#breadcrumb","itemListElement":[{"@type":"ListItem","position":1,"name":"Home","item":"https:\/\/www.ccifa-ted.com\/"},{"@type":"ListItem","position":2,"name":"Histoire de notre logo"}]},{"@type":"WebSite","@id":"https:\/\/www.ccifa-ted.com\/#website","url":"https:\/\/www.ccifa-ted.com\/","name":"CCIFA","description":"La clinique de consultation, d\u2019intervention et de formation en autisme","publisher":{"@id":"https:\/\/www.ccifa-ted.com\/#organization"},"alternateName":"Clinique de Consultation, Intervention et Formation en Autisme","potentialAction":[{"@type":"SearchAction","target":{"@type":"EntryPoint","urlTemplate":"https:\/\/www.ccifa-ted.com\/?s={search_term_string}"},"query-input":{"@type":"PropertyValueSpecification","valueRequired":true,"valueName":"search_term_string"}}],"inLanguage":"en-CA"},{"@type":"Organization","@id":"https:\/\/www.ccifa-ted.com\/#organization","name":"CCIFA","alternateName":"Clinique de Consultation, Intervention et Formation en Autisme","url":"https:\/\/www.ccifa-ted.com\/","logo":{"@type":"ImageObject","inLanguage":"en-CA","@id":"https:\/\/www.ccifa-ted.com\/#\/schema\/logo\/image\/","url":"https:\/\/www.ccifa-ted.com\/wp-content\/uploads\/2020\/08\/logotransp.png","contentUrl":"https:\/\/www.ccifa-ted.com\/wp-content\/uploads\/2020\/08\/logotransp.png","width":415,"height":333,"caption":"CCIFA"},"image":{"@id":"https:\/\/www.ccifa-ted.com\/#\/schema\/logo\/image\/"},"sameAs":["https:\/\/www.facebook.com\/people\/Ccifa-Ted\/100063489645130\/"]}]}},"_links":{"self":[{"href":"https:\/\/www.ccifa-ted.com\/en\/wp-json\/wp\/v2\/pages\/3226","targetHints":{"allow":["GET"]}}],"collection":[{"href":"https:\/\/www.ccifa-ted.com\/en\/wp-json\/wp\/v2\/pages"}],"about":[{"href":"https:\/\/www.ccifa-ted.com\/en\/wp-json\/wp\/v2\/types\/page"}],"author":[{"embeddable":true,"href":"https:\/\/www.ccifa-ted.com\/en\/wp-json\/wp\/v2\/users\/4"}],"replies":[{"embeddable":true,"href":"https:\/\/www.ccifa-ted.com\/en\/wp-json\/wp\/v2\/comments?post=3226"}],"version-history":[{"count":8,"href":"https:\/\/www.ccifa-ted.com\/en\/wp-json\/wp\/v2\/pages\/3226\/revisions"}],"predecessor-version":[{"id":4033,"href":"https:\/\/www.ccifa-ted.com\/en\/wp-json\/wp\/v2\/pages\/3226\/revisions\/4033"}],"wp:attachment":[{"href":"https:\/\/www.ccifa-ted.com\/en\/wp-json\/wp\/v2\/media?parent=3226"}],"curies":[{"name":"wp","href":"https:\/\/api.w.org\/{rel}","templated":true}]}}