{"id":3234,"date":"2020-08-07T10:07:18","date_gmt":"2020-08-07T14:07:18","guid":{"rendered":"http:\/\/www.ccifa-ted.com\/?page_id=3234"},"modified":"2023-09-22T11:01:19","modified_gmt":"2023-09-22T15:01:19","slug":"photos","status":"publish","type":"page","link":"https:\/\/www.ccifa-ted.com\/en\/photos\/","title":{"rendered":"Pictures"},"content":{"rendered":"<p>[et_pb_section fb_built=\u00a0\u00bb1&Prime; fullwidth=\u00a0\u00bbon\u00a0\u00bb _builder_version=\u00a0\u00bb4.2.2&Prime; background_color=\u00a0\u00bb#0c71c3&Prime; background_color_gradient_start=\u00a0\u00bb#0c71c3&Prime; background_color_gradient_end=\u00a0\u00bb#0c71c3&Prime; height=\u00a0\u00bb100px\u00a0\u00bb max_height=\u00a0\u00bb100px\u00a0\u00bb custom_margin=\u00a0\u00bb-3px||-63px|||\u00a0\u00bb][\/et_pb_section][et_pb_section fb_built=\u00a0\u00bb1&Prime; fullwidth=\u00a0\u00bbon\u00a0\u00bb _builder_version=\u00a0\u00bb4.2.2&Prime; background_color=\u00a0\u00bbrgba(0,0,0,0)\u00a0\u00bb][\/et_pb_section][et_pb_section fb_built=\u00a0\u00bb1&Prime; admin_label=\u00a0\u00bbHero Section\u00a0\u00bb _builder_version=\u00a0\u00bb4.3.1&Prime; use_background_color_gradient=\u00a0\u00bbon\u00a0\u00bb background_color_gradient_start=\u00a0\u00bb#ffffff\u00a0\u00bb background_color_gradient_end=\u00a0\u00bb#ffffff\u00a0\u00bb background_color_gradient_type=\u00a0\u00bbradial\u00a0\u00bb background_image=\u00a0\u00bbhttp:\/\/www.ccifa-ted.com\/wp-content\/uploads\/2020\/02\/art_materials_arts_and_crafts_bright_brush_colored_pencils_colors_colours_compass-916352.jpg\u00a0\u00bb custom_margin=\u00a0\u00bb-87px|||||\u00a0\u00bb custom_padding=\u00a0\u00bb106px|0px|232px|0px||\u00a0\u00bb][\/et_pb_section][et_pb_section fb_built=\u00a0\u00bb1&Prime; _builder_version=\u00a0\u00bb4.5.3&Prime; background_color=\u00a0\u00bb#3f4ebf\u00a0\u00bb custom_padding=\u00a0\u00bb8px|0px|0px|0px||\u00a0\u00bb][et_pb_row _builder_version=\u00a0\u00bb4.3.2&Prime;][et_pb_column type=\u00a0\u00bb4_4&Prime; _builder_version=\u00a0\u00bb4.3.2&Prime;][et_pb_text _builder_version=\u00a0\u00bb4.4.8&Prime; header_text_align=\u00a0\u00bbleft\u00a0\u00bb header_text_color=\u00a0\u00bb#ffffff\u00a0\u00bb header_font_size=\u00a0\u00bb45px\u00a0\u00bb animation_style=\u00a0\u00bbfade\u00a0\u00bb]<\/p>\n<h1 style=\"text-align: left;\"><b>Photos<\/b><\/h1>\n<p>[\/et_pb_text][\/et_pb_column][\/et_pb_row][\/et_pb_section][et_pb_section fb_built=\u00a0\u00bb1&Prime; _builder_version=\u00a0\u00bb4.5.3&Prime; _module_preset=\u00a0\u00bbdefault\u00a0\u00bb custom_padding=\u00a0\u00bb26px|0px|5px|0px||\u00a0\u00bb][et_pb_row _builder_version=\u00a0\u00bb4.5.3&Prime; _module_preset=\u00a0\u00bbdefault\u00a0\u00bb][et_pb_column _builder_version=\u00a0\u00bb4.5.3&Prime; _module_preset=\u00a0\u00bbdefault\u00a0\u00bb type=\u00a0\u00bb4_4&Prime;][et_pb_text _builder_version=\u00a0\u00bb4.5.3&Prime; header_text_align=\u00a0\u00bbcenter\u00a0\u00bb header_text_color=\u00a0\u00bb#3f4ebf\u00a0\u00bb header_font_size=\u00a0\u00bb35px\u00a0\u00bb animation_style=\u00a0\u00bbfade\u00a0\u00bb hover_enabled=\u00a0\u00bb0&Prime;]<\/p>\n<h1 style=\"text-align: center;\"><b>Alexandre Bissonnette<\/b><\/h1>\n<p>[\/et_pb_text][et_pb_gallery _builder_version=\u00a0\u00bb4.5.3&Prime; _module_preset=\u00a0\u00bbdefault\u00a0\u00bb gallery_ids=\u00a0\u00bb3307,3308,3306,3303,3304,3305&Prime; fullwidth=\u00a0\u00bbon\u00a0\u00bb max_width=\u00a0\u00bb60%\u00a0\u00bb module_alignment=\u00a0\u00bbcenter\u00a0\u00bb hover_enabled=\u00a0\u00bb0&Prime;][\/et_pb_gallery][et_pb_text _builder_version=\u00a0\u00bb4.5.3&Prime; _module_preset=\u00a0\u00bbdefault\u00a0\u00bb hover_enabled=\u00a0\u00bb0&Prime; custom_margin=\u00a0\u00bb41px|||||\u00a0\u00bb]<\/p>\n<p>Bonjour, je suis Alexandre Bissonnette, 23 ans, j&rsquo;ai le diagnostique d&rsquo;asperger, bien que je\u00a0 ressemble plus a un autiste de haut niveau avec mon retard de language (quand j&rsquo;etais petit, je ne parlais pas),\u00a0je suis sensible aux bruits et \u00e0 la douleur, j&rsquo;ai des r\u00eaves, des projets, je r\u00eave de visiter Tokyo, et d&rsquo;avoir un beau westfalia des ann\u00e9es 60 pour voyager, ou du moins une belle petite New Beetle, mes passions sont l&rsquo;\u00e9lectronique, le v\u00e9lo,\u00a0les mangas, les jeux videos, l&rsquo;informatique, les choses r\u00e9tro des ann\u00e9es 50, je suis un gros fan de la musique japonaise que je trouve excellente et que j&rsquo;adore(les style jrock et jpop), mes groupes pr\u00e9f\u00e9r\u00e9 \u00e9tant Orange Range, Plastic Tree, Akeboshi et Rie FU, mes projets, passer mes licences (tr\u00e8s important pour moi de pouvoir conduire), faire des voyages en v\u00e9lo, retourner a l&rsquo;\u00e9cole et\u00a0apprendre un m\u00e9tier, je suis un grand amateur de fast food(mcdo, A&amp;W, PFK, Pizza Pizza, Pizza Hut, La Poutinerie a Limoilou).<\/p>\n<p>&nbsp;<\/p>\n<p><span style=\"font-size: 14px;\">Mes oeuvres ? Et bien\u00a0je m&rsquo;inspire de choses que j&rsquo;aime et d&rsquo;un certain humour absurde que j&rsquo;aime bien, certains de mes montages parlent de guerre ketchup vs moutarde, c&rsquo;est une histoire qui a vu le jour dans un projet d&rsquo;\u00e9cole quand j&rsquo;\u00e9tais plus jeune, bien sur, on ne pouvait pas avoir d&rsquo;arme \u00e0 feux (enfin les personnage pouvait les avoir mais pas\u00a0s&rsquo;en servir), alors j&rsquo;ai remplac\u00e9 les armes \u00e0 feux par des armes \u00e0 ketchup et \u00e0 moutarde, \u00e7a donnait un cot\u00e9 plus absurde, en plus d&rsquo;\u00eatre dans les r\u00e8gles, comme ma fameuse\u00a0bouteille \u00e0 ketchup nucl\u00e9aire qui une fois lanc\u00e9e, peut couvrir une ville comme new york de ketchup, je ne fais pas vraiment d&rsquo;images ou il y a des gens qui meurent ou souffrent beaucoup, je suis plus du genre humour \u00e0 faire des montages un peu biscornus, tout comme le fils de\u00a0<\/span><span style=\"font-size: 14px;\">Lucila, je pr\u00e9f\u00e8re le faire \u00e0 l&rsquo;ordinateur, j&rsquo;ai aussi fait fabriquer en chine, une affiche commerciale dans le but d&rsquo;afficher certaines oeuvres 8 bits que j&rsquo;ai dessin\u00e9 pixel par pixels (on voit que certaines des oeuvres sont des photos de ce panneau, comme vous le verrez, j&rsquo;aime bien Nyan Cat.<\/span><\/p>\n<p>&nbsp;<\/p>\n<p><span style=\"font-size: 14px;\">Le premier est un dessin que j&rsquo;ai fait a l&rsquo;expo quebec (trouv\u00e9 sur le facebook de best buy), suivi de mes montages, et des photos de mon panneau sur lequel se trouve des oeuvres que j&rsquo;ai fait (la lampe sur le panneau est aussi une oeuvre de moi fait \u00e0 la main.<\/span><\/p>\n<p>&nbsp;<\/p>\n<p>[\/et_pb_text][\/et_pb_column][\/et_pb_row][\/et_pb_section][et_pb_section fb_built=\u00a0\u00bb1&Prime; admin_label=\u00a0\u00bbAbout Us Section\u00a0\u00bb _builder_version=\u00a0\u00bb4.2.2&Prime; custom_padding=\u00a0\u00bb4px|0px|25px|0px||\u00a0\u00bb][et_pb_row _builder_version=\u00a0\u00bb4.5.3&Prime; _module_preset=\u00a0\u00bbdefault\u00a0\u00bb][et_pb_column type=\u00a0\u00bb4_4&Prime; _builder_version=\u00a0\u00bb4.5.3&Prime; _module_preset=\u00a0\u00bbdefault\u00a0\u00bb][et_pb_button button_url=\u00a0\u00bb@ET-DC@eyJkeW5hbWljIjp0cnVlLCJjb250ZW50IjoicG9zdF9saW5rX3VybF9wYWdlIiwic2V0dGluZ3MiOnsicG9zdF9pZCI6IjIyMTAifX0=@\u00a0\u00bb button_text=\u00a0\u00bbRetour\u00a0\u00bb button_alignment=\u00a0\u00bbcenter\u00a0\u00bb _builder_version=\u00a0\u00bb4.5.3&Prime; _dynamic_attributes=\u00a0\u00bbbutton_url\u00a0\u00bb _module_preset=\u00a0\u00bbdefault\u00a0\u00bb custom_button=\u00a0\u00bbon\u00a0\u00bb button_text_color=\u00a0\u00bb#ffffff\u00a0\u00bb button_bg_color=\u00a0\u00bb#d10034&Prime; background_layout=\u00a0\u00bbdark\u00a0\u00bb][\/et_pb_button][\/et_pb_column][\/et_pb_row][\/et_pb_section][et_pb_section fb_built=\u00a0\u00bb1&Prime; _builder_version=\u00a0\u00bb4.4.8&Prime;][et_pb_row _builder_version=\u00a0\u00bb4.4.1&Prime; custom_margin=\u00a0\u00bb-9px|auto||auto||\u00a0\u00bb custom_padding=\u00a0\u00bb||0px|||\u00a0\u00bb][et_pb_column type=\u00a0\u00bb4_4&Prime; _builder_version=\u00a0\u00bb4.4.1&Prime;][et_pb_image src=\u00a0\u00bbhttp:\/\/www.ccifa-ted.com\/wp-content\/uploads\/2020\/07\/AdobeStock_249383146.jpeg\u00a0\u00bb title_text=\u00a0\u00bbFoot print\u00a0\u00bb _builder_version=\u00a0\u00bb4.5.1&Prime; max_width=\u00a0\u00bb24%\u00a0\u00bb module_alignment=\u00a0\u00bbcenter\u00a0\u00bb][\/et_pb_image][\/et_pb_column][\/et_pb_row][\/et_pb_section]<\/p>\n","protected":false},"excerpt":{"rendered":"<p>PhotosAlexandre Bissonnette Bonjour, je suis Alexandre Bissonnette, 23 ans, j&rsquo;ai le diagnostique d&rsquo;asperger, bien que je\u00a0 ressemble plus a un autiste de haut niveau avec mon retard de language (quand j&rsquo;etais petit, je ne parlais pas),\u00a0je suis sensible aux bruits et \u00e0 la douleur, j&rsquo;ai des r\u00eaves, des projets, je r\u00eave de visiter Tokyo, et [&hellip;]<\/p>\n","protected":false},"author":4,"featured_media":0,"parent":0,"menu_order":0,"comment_status":"closed","ping_status":"closed","template":"","meta":{"_et_pb_use_builder":"on","_et_pb_old_content":"","_et_gb_content_width":"","footnotes":""},"class_list":["post-3234","page","type-page","status-publish","hentry"],"yoast_head":"<!-- This site is optimized with the Yoast SEO plugin v27.3 - https:\/\/yoast.com\/product\/yoast-seo-wordpress\/ -->\n<title>Photos - CCIFA-TED<\/title>\n<meta name=\"robots\" content=\"index, follow, max-snippet:-1, max-image-preview:large, max-video-preview:-1\" \/>\n<link rel=\"canonical\" href=\"https:\/\/www.ccifa-ted.com\/en\/photos\/\" \/>\n<meta property=\"og:locale\" content=\"en_US\" \/>\n<meta property=\"og:type\" content=\"article\" \/>\n<meta property=\"og:title\" content=\"Photos - CCIFA-TED\" \/>\n<meta property=\"og:description\" content=\"PhotosAlexandre Bissonnette Bonjour, je suis Alexandre Bissonnette, 23 ans, j&#039;ai le diagnostique d&#039;asperger, bien que je\u00a0 ressemble plus a un autiste de haut niveau avec mon retard de language (quand j&#039;etais petit, je ne parlais pas),\u00a0je suis sensible aux bruits et \u00e0 la douleur, j&#039;ai des r\u00eaves, des projets, je r\u00eave de visiter Tokyo, et [&hellip;]\" \/>\n<meta property=\"og:url\" content=\"https:\/\/www.ccifa-ted.com\/en\/photos\/\" \/>\n<meta property=\"og:site_name\" content=\"CCIFA-TED\" \/>\n<meta property=\"article:publisher\" content=\"https:\/\/www.facebook.com\/people\/Ccifa-Ted\/100063489645130\/\" \/>\n<meta property=\"article:modified_time\" content=\"2023-09-22T15:01:19+00:00\" \/>\n<meta property=\"og:image\" content=\"https:\/\/www.ccifa-ted.com\/wp-content\/uploads\/2020\/08\/logotransp.png\" \/>\n\t<meta property=\"og:image:width\" content=\"415\" \/>\n\t<meta property=\"og:image:height\" content=\"333\" \/>\n\t<meta property=\"og:image:type\" content=\"image\/png\" \/>\n<meta name=\"twitter:card\" content=\"summary_large_image\" \/>\n<meta name=\"twitter:label1\" content=\"Est. reading time\" \/>\n\t<meta name=\"twitter:data1\" content=\"4 minutes\" \/>\n<script type=\"application\/ld+json\" class=\"yoast-schema-graph\">{\"@context\":\"https:\\\/\\\/schema.org\",\"@graph\":[{\"@type\":\"WebPage\",\"@id\":\"https:\\\/\\\/www.ccifa-ted.com\\\/photos\\\/\",\"url\":\"https:\\\/\\\/www.ccifa-ted.com\\\/photos\\\/\",\"name\":\"Photos - CCIFA-TED\",\"isPartOf\":{\"@id\":\"https:\\\/\\\/www.ccifa-ted.com\\\/#website\"},\"datePublished\":\"2020-08-07T14:07:18+00:00\",\"dateModified\":\"2023-09-22T15:01:19+00:00\",\"breadcrumb\":{\"@id\":\"https:\\\/\\\/www.ccifa-ted.com\\\/photos\\\/#breadcrumb\"},\"inLanguage\":\"en-CA\",\"potentialAction\":[{\"@type\":\"ReadAction\",\"target\":[\"https:\\\/\\\/www.ccifa-ted.com\\\/photos\\\/\"]}]},{\"@type\":\"BreadcrumbList\",\"@id\":\"https:\\\/\\\/www.ccifa-ted.com\\\/photos\\\/#breadcrumb\",\"itemListElement\":[{\"@type\":\"ListItem\",\"position\":1,\"name\":\"Home\",\"item\":\"https:\\\/\\\/www.ccifa-ted.com\\\/\"},{\"@type\":\"ListItem\",\"position\":2,\"name\":\"Photos\"}]},{\"@type\":\"WebSite\",\"@id\":\"https:\\\/\\\/www.ccifa-ted.com\\\/#website\",\"url\":\"https:\\\/\\\/www.ccifa-ted.com\\\/\",\"name\":\"CCIFA\",\"description\":\"La clinique de consultation, d\u2019intervention et de formation en autisme\",\"publisher\":{\"@id\":\"https:\\\/\\\/www.ccifa-ted.com\\\/#organization\"},\"alternateName\":\"Clinique de Consultation, Intervention et Formation en Autisme\",\"potentialAction\":[{\"@type\":\"SearchAction\",\"target\":{\"@type\":\"EntryPoint\",\"urlTemplate\":\"https:\\\/\\\/www.ccifa-ted.com\\\/?s={search_term_string}\"},\"query-input\":{\"@type\":\"PropertyValueSpecification\",\"valueRequired\":true,\"valueName\":\"search_term_string\"}}],\"inLanguage\":\"en-CA\"},{\"@type\":\"Organization\",\"@id\":\"https:\\\/\\\/www.ccifa-ted.com\\\/#organization\",\"name\":\"CCIFA\",\"alternateName\":\"Clinique de Consultation, Intervention et Formation en Autisme\",\"url\":\"https:\\\/\\\/www.ccifa-ted.com\\\/\",\"logo\":{\"@type\":\"ImageObject\",\"inLanguage\":\"en-CA\",\"@id\":\"https:\\\/\\\/www.ccifa-ted.com\\\/#\\\/schema\\\/logo\\\/image\\\/\",\"url\":\"https:\\\/\\\/www.ccifa-ted.com\\\/wp-content\\\/uploads\\\/2020\\\/08\\\/logotransp.png\",\"contentUrl\":\"https:\\\/\\\/www.ccifa-ted.com\\\/wp-content\\\/uploads\\\/2020\\\/08\\\/logotransp.png\",\"width\":415,\"height\":333,\"caption\":\"CCIFA\"},\"image\":{\"@id\":\"https:\\\/\\\/www.ccifa-ted.com\\\/#\\\/schema\\\/logo\\\/image\\\/\"},\"sameAs\":[\"https:\\\/\\\/www.facebook.com\\\/people\\\/Ccifa-Ted\\\/100063489645130\\\/\"]}]}<\/script>\n<!-- \/ Yoast SEO plugin. -->","yoast_head_json":{"title":"Photos - CCIFA-TED","robots":{"index":"index","follow":"follow","max-snippet":"max-snippet:-1","max-image-preview":"max-image-preview:large","max-video-preview":"max-video-preview:-1"},"canonical":"https:\/\/www.ccifa-ted.com\/en\/photos\/","og_locale":"en_US","og_type":"article","og_title":"Photos - CCIFA-TED","og_description":"PhotosAlexandre Bissonnette Bonjour, je suis Alexandre Bissonnette, 23 ans, j'ai le diagnostique d'asperger, bien que je\u00a0 ressemble plus a un autiste de haut niveau avec mon retard de language (quand j'etais petit, je ne parlais pas),\u00a0je suis sensible aux bruits et \u00e0 la douleur, j'ai des r\u00eaves, des projets, je r\u00eave de visiter Tokyo, et [&hellip;]","og_url":"https:\/\/www.ccifa-ted.com\/en\/photos\/","og_site_name":"CCIFA-TED","article_publisher":"https:\/\/www.facebook.com\/people\/Ccifa-Ted\/100063489645130\/","article_modified_time":"2023-09-22T15:01:19+00:00","og_image":[{"width":415,"height":333,"url":"https:\/\/www.ccifa-ted.com\/wp-content\/uploads\/2020\/08\/logotransp.png","type":"image\/png"}],"twitter_card":"summary_large_image","twitter_misc":{"Est. reading time":"4 minutes"},"schema":{"@context":"https:\/\/schema.org","@graph":[{"@type":"WebPage","@id":"https:\/\/www.ccifa-ted.com\/photos\/","url":"https:\/\/www.ccifa-ted.com\/photos\/","name":"Photos - CCIFA-TED","isPartOf":{"@id":"https:\/\/www.ccifa-ted.com\/#website"},"datePublished":"2020-08-07T14:07:18+00:00","dateModified":"2023-09-22T15:01:19+00:00","breadcrumb":{"@id":"https:\/\/www.ccifa-ted.com\/photos\/#breadcrumb"},"inLanguage":"en-CA","potentialAction":[{"@type":"ReadAction","target":["https:\/\/www.ccifa-ted.com\/photos\/"]}]},{"@type":"BreadcrumbList","@id":"https:\/\/www.ccifa-ted.com\/photos\/#breadcrumb","itemListElement":[{"@type":"ListItem","position":1,"name":"Home","item":"https:\/\/www.ccifa-ted.com\/"},{"@type":"ListItem","position":2,"name":"Photos"}]},{"@type":"WebSite","@id":"https:\/\/www.ccifa-ted.com\/#website","url":"https:\/\/www.ccifa-ted.com\/","name":"CCIFA","description":"La clinique de consultation, d\u2019intervention et de formation en autisme","publisher":{"@id":"https:\/\/www.ccifa-ted.com\/#organization"},"alternateName":"Clinique de Consultation, Intervention et Formation en Autisme","potentialAction":[{"@type":"SearchAction","target":{"@type":"EntryPoint","urlTemplate":"https:\/\/www.ccifa-ted.com\/?s={search_term_string}"},"query-input":{"@type":"PropertyValueSpecification","valueRequired":true,"valueName":"search_term_string"}}],"inLanguage":"en-CA"},{"@type":"Organization","@id":"https:\/\/www.ccifa-ted.com\/#organization","name":"CCIFA","alternateName":"Clinique de Consultation, Intervention et Formation en Autisme","url":"https:\/\/www.ccifa-ted.com\/","logo":{"@type":"ImageObject","inLanguage":"en-CA","@id":"https:\/\/www.ccifa-ted.com\/#\/schema\/logo\/image\/","url":"https:\/\/www.ccifa-ted.com\/wp-content\/uploads\/2020\/08\/logotransp.png","contentUrl":"https:\/\/www.ccifa-ted.com\/wp-content\/uploads\/2020\/08\/logotransp.png","width":415,"height":333,"caption":"CCIFA"},"image":{"@id":"https:\/\/www.ccifa-ted.com\/#\/schema\/logo\/image\/"},"sameAs":["https:\/\/www.facebook.com\/people\/Ccifa-Ted\/100063489645130\/"]}]}},"_links":{"self":[{"href":"https:\/\/www.ccifa-ted.com\/en\/wp-json\/wp\/v2\/pages\/3234","targetHints":{"allow":["GET"]}}],"collection":[{"href":"https:\/\/www.ccifa-ted.com\/en\/wp-json\/wp\/v2\/pages"}],"about":[{"href":"https:\/\/www.ccifa-ted.com\/en\/wp-json\/wp\/v2\/types\/page"}],"author":[{"embeddable":true,"href":"https:\/\/www.ccifa-ted.com\/en\/wp-json\/wp\/v2\/users\/4"}],"replies":[{"embeddable":true,"href":"https:\/\/www.ccifa-ted.com\/en\/wp-json\/wp\/v2\/comments?post=3234"}],"version-history":[{"count":4,"href":"https:\/\/www.ccifa-ted.com\/en\/wp-json\/wp\/v2\/pages\/3234\/revisions"}],"predecessor-version":[{"id":3309,"href":"https:\/\/www.ccifa-ted.com\/en\/wp-json\/wp\/v2\/pages\/3234\/revisions\/3309"}],"wp:attachment":[{"href":"https:\/\/www.ccifa-ted.com\/en\/wp-json\/wp\/v2\/media?parent=3234"}],"curies":[{"name":"wp","href":"https:\/\/api.w.org\/{rel}","templated":true}]}}