{"id":3244,"date":"2020-08-07T10:10:22","date_gmt":"2020-08-07T14:10:22","guid":{"rendered":"http:\/\/www.ccifa-ted.com\/?page_id=3244"},"modified":"2023-09-22T11:00:29","modified_gmt":"2023-09-22T15:00:29","slug":"ecrits","status":"publish","type":"page","link":"https:\/\/www.ccifa-ted.com\/en\/ecrits\/","title":{"rendered":"Writings"},"content":{"rendered":"<p>[et_pb_section fb_built=\u00a0\u00bb1&Prime; fullwidth=\u00a0\u00bbon\u00a0\u00bb _builder_version=\u00a0\u00bb4.2.2&Prime; background_color=\u00a0\u00bb#0c71c3&Prime; background_color_gradient_start=\u00a0\u00bb#0c71c3&Prime; background_color_gradient_end=\u00a0\u00bb#0c71c3&Prime; height=\u00a0\u00bb100px\u00a0\u00bb max_height=\u00a0\u00bb100px\u00a0\u00bb custom_margin=\u00a0\u00bb-3px||-63px|||\u00a0\u00bb][\/et_pb_section][et_pb_section fb_built=\u00a0\u00bb1&Prime; fullwidth=\u00a0\u00bbon\u00a0\u00bb _builder_version=\u00a0\u00bb4.2.2&Prime; background_color=\u00a0\u00bbrgba(0,0,0,0)\u00a0\u00bb][\/et_pb_section][et_pb_section fb_built=\u00a0\u00bb1&Prime; admin_label=\u00a0\u00bbHero Section\u00a0\u00bb _builder_version=\u00a0\u00bb4.3.1&Prime; use_background_color_gradient=\u00a0\u00bbon\u00a0\u00bb background_color_gradient_start=\u00a0\u00bb#ffffff\u00a0\u00bb background_color_gradient_end=\u00a0\u00bb#ffffff\u00a0\u00bb background_color_gradient_type=\u00a0\u00bbradial\u00a0\u00bb background_image=\u00a0\u00bbhttp:\/\/www.ccifa-ted.com\/wp-content\/uploads\/2020\/02\/art_materials_arts_and_crafts_bright_brush_colored_pencils_colors_colours_compass-916352.jpg\u00a0\u00bb custom_margin=\u00a0\u00bb-87px|||||\u00a0\u00bb custom_padding=\u00a0\u00bb106px|0px|232px|0px||\u00a0\u00bb][\/et_pb_section][et_pb_section fb_built=\u00a0\u00bb1&Prime; _builder_version=\u00a0\u00bb4.5.3&Prime; background_color=\u00a0\u00bb#3f4ebf\u00a0\u00bb custom_padding=\u00a0\u00bb8px|0px|0px|0px||\u00a0\u00bb][et_pb_row _builder_version=\u00a0\u00bb4.3.2&Prime;][et_pb_column type=\u00a0\u00bb4_4&Prime; _builder_version=\u00a0\u00bb4.3.2&Prime;][et_pb_text _builder_version=\u00a0\u00bb4.4.8&Prime; header_text_align=\u00a0\u00bbleft\u00a0\u00bb header_text_color=\u00a0\u00bb#ffffff\u00a0\u00bb header_font_size=\u00a0\u00bb45px\u00a0\u00bb animation_style=\u00a0\u00bbfade\u00a0\u00bb]<\/p>\n<h1 style=\"text-align: left;\"><b>\u00c9crits<\/b><\/h1>\n<p>[\/et_pb_text][\/et_pb_column][\/et_pb_row][\/et_pb_section][et_pb_section fb_built=\u00a0\u00bb1&Prime; admin_label=\u00a0\u00bbAbout Us Section\u00a0\u00bb _builder_version=\u00a0\u00bb4.2.2&Prime;][et_pb_row _builder_version=\u00a0\u00bb4.5.3&Prime; _module_preset=\u00a0\u00bbdefault\u00a0\u00bb][et_pb_column _builder_version=\u00a0\u00bb4.5.3&Prime; _module_preset=\u00a0\u00bbdefault\u00a0\u00bb type=\u00a0\u00bb4_4&Prime;][et_pb_text _builder_version=\u00a0\u00bb4.5.3&Prime; _module_preset=\u00a0\u00bbdefault\u00a0\u00bb hover_enabled=\u00a0\u00bb0&Prime;]<\/p>\n<p>Le Syndrome d&rsquo;Asperger : t\u00e9moignage de Kenza<\/p>\n<p>&nbsp;<\/p>\n<p>Je m\u2019appelle Kenza Deschenes-Kherchi, j\u2019ai 20 ans. Je suis atteinte du Syndrome d\u2019Asperger. Le Syndrome d\u2019Asperger est un trouble neurologique qui est dans la cat\u00e9gorie de l\u2019Autisme. Pour arriver a ce que je suis maintenant, j\u2019ai du fournir beaucoup d\u2019efforts d\u2019adaptations avec un fonctionnement diff\u00e9rent. J\u2019ai eu plusieurs r\u00e9ussites dans ma vie. J\u2019ai plusieurs qualit\u00e9s : Pers\u00e9v\u00e9rante, cr\u00e9ative , tenace, honn\u00eate, serviable et travaillante! Toutes ces forces m\u2019ont permis de r\u00e9aliser ce que j\u2019ai pu accomplir dans un monde Neurothypique qui veut dire un monde normal. Par contre comme tout les humains, j\u2019ai des d\u00e9fauts : trop perfectionniste ,parfois stress\u00e9e et vouloir TROP s\u2019am\u00e9liorer socialement. Avec mon intelligence et mes capacit\u00e9s je trouve des moyens pour g\u00e9rer ces situations.<\/p>\n<p>&nbsp;<\/p>\n<p>Pour en savoir plus, je vous invite \u00e0 venir lire mon blogue.<\/p>\n<p>&nbsp;<\/p>\n<p><strong><a href=\"http:\/\/wwwunvoyageaupaysasperger.blogspot.ca\/%EF%BB%BF%EF%BB%BF\" target=\"_blank\" rel=\"noopener noreferrer\">http:\/\/wwwunvoyageaupaysasperger.blogspot.ca\/<\/a><\/strong><\/p>\n<p>[\/et_pb_text][\/et_pb_column][\/et_pb_row][et_pb_row _builder_version=\u00a0\u00bb4.5.3&Prime; _module_preset=\u00a0\u00bbdefault\u00a0\u00bb][et_pb_column type=\u00a0\u00bb4_4&Prime; _builder_version=\u00a0\u00bb4.5.3&Prime; _module_preset=\u00a0\u00bbdefault\u00a0\u00bb][et_pb_button button_url=\u00a0\u00bb@ET-DC@eyJkeW5hbWljIjp0cnVlLCJjb250ZW50IjoicG9zdF9saW5rX3VybF9wYWdlIiwic2V0dGluZ3MiOnsicG9zdF9pZCI6IjIyMTAifX0=@\u00a0\u00bb button_text=\u00a0\u00bbRetour\u00a0\u00bb button_alignment=\u00a0\u00bbcenter\u00a0\u00bb _builder_version=\u00a0\u00bb4.5.3&Prime; _dynamic_attributes=\u00a0\u00bbbutton_url\u00a0\u00bb _module_preset=\u00a0\u00bbdefault\u00a0\u00bb custom_button=\u00a0\u00bbon\u00a0\u00bb button_text_color=\u00a0\u00bb#ffffff\u00a0\u00bb button_bg_color=\u00a0\u00bb#d10034&Prime; background_layout=\u00a0\u00bbdark\u00a0\u00bb][\/et_pb_button][\/et_pb_column][\/et_pb_row][\/et_pb_section][et_pb_section fb_built=\u00a0\u00bb1&Prime; _builder_version=\u00a0\u00bb4.4.8&Prime;][et_pb_row _builder_version=\u00a0\u00bb4.4.1&Prime; custom_margin=\u00a0\u00bb-9px|auto||auto||\u00a0\u00bb custom_padding=\u00a0\u00bb||0px|||\u00a0\u00bb][et_pb_column type=\u00a0\u00bb4_4&Prime; _builder_version=\u00a0\u00bb4.4.1&Prime;][et_pb_image src=\u00a0\u00bbhttp:\/\/www.ccifa-ted.com\/wp-content\/uploads\/2020\/07\/AdobeStock_249383146.jpeg\u00a0\u00bb title_text=\u00a0\u00bbFoot print\u00a0\u00bb _builder_version=\u00a0\u00bb4.5.1&Prime; max_width=\u00a0\u00bb24%\u00a0\u00bb module_alignment=\u00a0\u00bbcenter\u00a0\u00bb][\/et_pb_image][\/et_pb_column][\/et_pb_row][\/et_pb_section]<\/p>\n","protected":false},"excerpt":{"rendered":"<p>\u00c9critsLe Syndrome d&rsquo;Asperger : t\u00e9moignage de Kenza &nbsp; Je m\u2019appelle Kenza Deschenes-Kherchi, j\u2019ai 20 ans. Je suis atteinte du Syndrome d\u2019Asperger. Le Syndrome d\u2019Asperger est un trouble neurologique qui est dans la cat\u00e9gorie de l\u2019Autisme. Pour arriver a ce que je suis maintenant, j\u2019ai du fournir beaucoup d\u2019efforts d\u2019adaptations avec un fonctionnement diff\u00e9rent. J\u2019ai eu [&hellip;]<\/p>\n","protected":false},"author":4,"featured_media":0,"parent":0,"menu_order":0,"comment_status":"closed","ping_status":"closed","template":"","meta":{"_et_pb_use_builder":"on","_et_pb_old_content":"","_et_gb_content_width":"","footnotes":""},"class_list":["post-3244","page","type-page","status-publish","hentry"],"yoast_head":"<!-- This site is optimized with the Yoast SEO plugin v27.3 - https:\/\/yoast.com\/product\/yoast-seo-wordpress\/ -->\n<title>\u00c9crits - CCIFA-TED<\/title>\n<meta name=\"robots\" content=\"index, follow, max-snippet:-1, max-image-preview:large, max-video-preview:-1\" \/>\n<link rel=\"canonical\" href=\"https:\/\/www.ccifa-ted.com\/en\/ecrits\/\" \/>\n<meta property=\"og:locale\" content=\"en_US\" \/>\n<meta property=\"og:type\" content=\"article\" \/>\n<meta property=\"og:title\" content=\"\u00c9crits - CCIFA-TED\" \/>\n<meta property=\"og:description\" content=\"\u00c9critsLe Syndrome d&#039;Asperger : t\u00e9moignage de Kenza &nbsp; Je m\u2019appelle Kenza Deschenes-Kherchi, j\u2019ai 20 ans. Je suis atteinte du Syndrome d\u2019Asperger. Le Syndrome d\u2019Asperger est un trouble neurologique qui est dans la cat\u00e9gorie de l\u2019Autisme. Pour arriver a ce que je suis maintenant, j\u2019ai du fournir beaucoup d\u2019efforts d\u2019adaptations avec un fonctionnement diff\u00e9rent. J\u2019ai eu [&hellip;]\" \/>\n<meta property=\"og:url\" content=\"https:\/\/www.ccifa-ted.com\/en\/ecrits\/\" \/>\n<meta property=\"og:site_name\" content=\"CCIFA-TED\" \/>\n<meta property=\"article:publisher\" content=\"https:\/\/www.facebook.com\/people\/Ccifa-Ted\/100063489645130\/\" \/>\n<meta property=\"article:modified_time\" content=\"2023-09-22T15:00:29+00:00\" \/>\n<meta property=\"og:image\" content=\"https:\/\/www.ccifa-ted.com\/wp-content\/uploads\/2020\/08\/logotransp.png\" \/>\n\t<meta property=\"og:image:width\" content=\"415\" \/>\n\t<meta property=\"og:image:height\" content=\"333\" \/>\n\t<meta property=\"og:image:type\" content=\"image\/png\" \/>\n<meta name=\"twitter:card\" content=\"summary_large_image\" \/>\n<meta name=\"twitter:label1\" content=\"Est. reading time\" \/>\n\t<meta name=\"twitter:data1\" content=\"3 minutes\" \/>\n<script type=\"application\/ld+json\" class=\"yoast-schema-graph\">{\"@context\":\"https:\\\/\\\/schema.org\",\"@graph\":[{\"@type\":\"WebPage\",\"@id\":\"https:\\\/\\\/www.ccifa-ted.com\\\/ecrits\\\/\",\"url\":\"https:\\\/\\\/www.ccifa-ted.com\\\/ecrits\\\/\",\"name\":\"\u00c9crits - CCIFA-TED\",\"isPartOf\":{\"@id\":\"https:\\\/\\\/www.ccifa-ted.com\\\/#website\"},\"datePublished\":\"2020-08-07T14:10:22+00:00\",\"dateModified\":\"2023-09-22T15:00:29+00:00\",\"breadcrumb\":{\"@id\":\"https:\\\/\\\/www.ccifa-ted.com\\\/ecrits\\\/#breadcrumb\"},\"inLanguage\":\"en-CA\",\"potentialAction\":[{\"@type\":\"ReadAction\",\"target\":[\"https:\\\/\\\/www.ccifa-ted.com\\\/ecrits\\\/\"]}]},{\"@type\":\"BreadcrumbList\",\"@id\":\"https:\\\/\\\/www.ccifa-ted.com\\\/ecrits\\\/#breadcrumb\",\"itemListElement\":[{\"@type\":\"ListItem\",\"position\":1,\"name\":\"Home\",\"item\":\"https:\\\/\\\/www.ccifa-ted.com\\\/\"},{\"@type\":\"ListItem\",\"position\":2,\"name\":\"\u00c9crits\"}]},{\"@type\":\"WebSite\",\"@id\":\"https:\\\/\\\/www.ccifa-ted.com\\\/#website\",\"url\":\"https:\\\/\\\/www.ccifa-ted.com\\\/\",\"name\":\"CCIFA\",\"description\":\"La clinique de consultation, d\u2019intervention et de formation en autisme\",\"publisher\":{\"@id\":\"https:\\\/\\\/www.ccifa-ted.com\\\/#organization\"},\"alternateName\":\"Clinique de Consultation, Intervention et Formation en Autisme\",\"potentialAction\":[{\"@type\":\"SearchAction\",\"target\":{\"@type\":\"EntryPoint\",\"urlTemplate\":\"https:\\\/\\\/www.ccifa-ted.com\\\/?s={search_term_string}\"},\"query-input\":{\"@type\":\"PropertyValueSpecification\",\"valueRequired\":true,\"valueName\":\"search_term_string\"}}],\"inLanguage\":\"en-CA\"},{\"@type\":\"Organization\",\"@id\":\"https:\\\/\\\/www.ccifa-ted.com\\\/#organization\",\"name\":\"CCIFA\",\"alternateName\":\"Clinique de Consultation, Intervention et Formation en Autisme\",\"url\":\"https:\\\/\\\/www.ccifa-ted.com\\\/\",\"logo\":{\"@type\":\"ImageObject\",\"inLanguage\":\"en-CA\",\"@id\":\"https:\\\/\\\/www.ccifa-ted.com\\\/#\\\/schema\\\/logo\\\/image\\\/\",\"url\":\"https:\\\/\\\/www.ccifa-ted.com\\\/wp-content\\\/uploads\\\/2020\\\/08\\\/logotransp.png\",\"contentUrl\":\"https:\\\/\\\/www.ccifa-ted.com\\\/wp-content\\\/uploads\\\/2020\\\/08\\\/logotransp.png\",\"width\":415,\"height\":333,\"caption\":\"CCIFA\"},\"image\":{\"@id\":\"https:\\\/\\\/www.ccifa-ted.com\\\/#\\\/schema\\\/logo\\\/image\\\/\"},\"sameAs\":[\"https:\\\/\\\/www.facebook.com\\\/people\\\/Ccifa-Ted\\\/100063489645130\\\/\"]}]}<\/script>\n<!-- \/ Yoast SEO plugin. -->","yoast_head_json":{"title":"\u00c9crits - CCIFA-TED","robots":{"index":"index","follow":"follow","max-snippet":"max-snippet:-1","max-image-preview":"max-image-preview:large","max-video-preview":"max-video-preview:-1"},"canonical":"https:\/\/www.ccifa-ted.com\/en\/ecrits\/","og_locale":"en_US","og_type":"article","og_title":"\u00c9crits - CCIFA-TED","og_description":"\u00c9critsLe Syndrome d'Asperger : t\u00e9moignage de Kenza &nbsp; Je m\u2019appelle Kenza Deschenes-Kherchi, j\u2019ai 20 ans. Je suis atteinte du Syndrome d\u2019Asperger. Le Syndrome d\u2019Asperger est un trouble neurologique qui est dans la cat\u00e9gorie de l\u2019Autisme. Pour arriver a ce que je suis maintenant, j\u2019ai du fournir beaucoup d\u2019efforts d\u2019adaptations avec un fonctionnement diff\u00e9rent. J\u2019ai eu [&hellip;]","og_url":"https:\/\/www.ccifa-ted.com\/en\/ecrits\/","og_site_name":"CCIFA-TED","article_publisher":"https:\/\/www.facebook.com\/people\/Ccifa-Ted\/100063489645130\/","article_modified_time":"2023-09-22T15:00:29+00:00","og_image":[{"width":415,"height":333,"url":"https:\/\/www.ccifa-ted.com\/wp-content\/uploads\/2020\/08\/logotransp.png","type":"image\/png"}],"twitter_card":"summary_large_image","twitter_misc":{"Est. reading time":"3 minutes"},"schema":{"@context":"https:\/\/schema.org","@graph":[{"@type":"WebPage","@id":"https:\/\/www.ccifa-ted.com\/ecrits\/","url":"https:\/\/www.ccifa-ted.com\/ecrits\/","name":"\u00c9crits - CCIFA-TED","isPartOf":{"@id":"https:\/\/www.ccifa-ted.com\/#website"},"datePublished":"2020-08-07T14:10:22+00:00","dateModified":"2023-09-22T15:00:29+00:00","breadcrumb":{"@id":"https:\/\/www.ccifa-ted.com\/ecrits\/#breadcrumb"},"inLanguage":"en-CA","potentialAction":[{"@type":"ReadAction","target":["https:\/\/www.ccifa-ted.com\/ecrits\/"]}]},{"@type":"BreadcrumbList","@id":"https:\/\/www.ccifa-ted.com\/ecrits\/#breadcrumb","itemListElement":[{"@type":"ListItem","position":1,"name":"Home","item":"https:\/\/www.ccifa-ted.com\/"},{"@type":"ListItem","position":2,"name":"\u00c9crits"}]},{"@type":"WebSite","@id":"https:\/\/www.ccifa-ted.com\/#website","url":"https:\/\/www.ccifa-ted.com\/","name":"CCIFA","description":"La clinique de consultation, d\u2019intervention et de formation en autisme","publisher":{"@id":"https:\/\/www.ccifa-ted.com\/#organization"},"alternateName":"Clinique de Consultation, Intervention et Formation en Autisme","potentialAction":[{"@type":"SearchAction","target":{"@type":"EntryPoint","urlTemplate":"https:\/\/www.ccifa-ted.com\/?s={search_term_string}"},"query-input":{"@type":"PropertyValueSpecification","valueRequired":true,"valueName":"search_term_string"}}],"inLanguage":"en-CA"},{"@type":"Organization","@id":"https:\/\/www.ccifa-ted.com\/#organization","name":"CCIFA","alternateName":"Clinique de Consultation, Intervention et Formation en Autisme","url":"https:\/\/www.ccifa-ted.com\/","logo":{"@type":"ImageObject","inLanguage":"en-CA","@id":"https:\/\/www.ccifa-ted.com\/#\/schema\/logo\/image\/","url":"https:\/\/www.ccifa-ted.com\/wp-content\/uploads\/2020\/08\/logotransp.png","contentUrl":"https:\/\/www.ccifa-ted.com\/wp-content\/uploads\/2020\/08\/logotransp.png","width":415,"height":333,"caption":"CCIFA"},"image":{"@id":"https:\/\/www.ccifa-ted.com\/#\/schema\/logo\/image\/"},"sameAs":["https:\/\/www.facebook.com\/people\/Ccifa-Ted\/100063489645130\/"]}]}},"_links":{"self":[{"href":"https:\/\/www.ccifa-ted.com\/en\/wp-json\/wp\/v2\/pages\/3244","targetHints":{"allow":["GET"]}}],"collection":[{"href":"https:\/\/www.ccifa-ted.com\/en\/wp-json\/wp\/v2\/pages"}],"about":[{"href":"https:\/\/www.ccifa-ted.com\/en\/wp-json\/wp\/v2\/types\/page"}],"author":[{"embeddable":true,"href":"https:\/\/www.ccifa-ted.com\/en\/wp-json\/wp\/v2\/users\/4"}],"replies":[{"embeddable":true,"href":"https:\/\/www.ccifa-ted.com\/en\/wp-json\/wp\/v2\/comments?post=3244"}],"version-history":[{"count":4,"href":"https:\/\/www.ccifa-ted.com\/en\/wp-json\/wp\/v2\/pages\/3244\/revisions"}],"predecessor-version":[{"id":3292,"href":"https:\/\/www.ccifa-ted.com\/en\/wp-json\/wp\/v2\/pages\/3244\/revisions\/3292"}],"wp:attachment":[{"href":"https:\/\/www.ccifa-ted.com\/en\/wp-json\/wp\/v2\/media?parent=3244"}],"curies":[{"name":"wp","href":"https:\/\/api.w.org\/{rel}","templated":true}]}}